{"id":11331,"date":"2023-11-15T13:36:49","date_gmt":"2023-11-15T13:36:49","guid":{"rendered":"https:\/\/dabofall.com\/servicios-privados\/"},"modified":"2025-08-06T07:50:04","modified_gmt":"2025-08-06T07:50:04","slug":"services-prives","status":"publish","type":"page","link":"https:\/\/dabofall.com\/fr\/services-prives\/","title":{"rendered":"Services Priv\u00e9s"},"content":{"rendered":"<div class=\"wpb-content-wrapper\"><p>[vc_row full_width=\u00a0\u00bbstretch_row_content\u00a0\u00bb content_placement=\u00a0\u00bbmiddle\u00a0\u00bb bg_type=\u00a0\u00bbimage\u00a0\u00bb bg_override=\u00a0\u00bbex-full\u00a0\u00bb enable_overlay=\u00a0\u00bbenable_overlay_value\u00a0\u00bb overlay_color=\u00a0\u00bbrgba(0,0,0,0.5)\u00a0\u00bb css=\u00a0\u00bb.vc_custom_1700055386361{padding-top: 90px !important;padding-bottom: 92px !important;background-image: url(https:\/\/dabofall.com\/wp-content\/uploads\/2023\/11\/bg-header-inicio.jpg?id=11157) !important;background-position: center !important;background-repeat: no-repeat !important;background-size: cover !important;}\u00a0\u00bb][vc_column css=\u00a0\u00bb.vc_custom_1627029674838{padding-right: 2% !important;}\u00a0\u00bb][vc_empty_space][vc_row_inner][vc_column_inner width=\u00a0\u00bb1\/6&Prime;][\/vc_column_inner][vc_column_inner width=\u00a0\u00bb2\/3&Prime;][vc_column_text css=\u00a0\u00bb.vc_custom_1754466516661{margin-bottom: 0px !important;}\u00a0\u00bb el_class=\u00a0\u00bbfs-28 fs-normal\u00a0\u00bb]<\/p>\n<h1 style=\"text-align: center;\"><span style=\"color: #ffffff;\">Services priv\u00e9s sur mesure pour vos voyages<\/span><\/h1>\n<p>[\/vc_column_text][vc_separator color=\u00a0\u00bbcustom\u00a0\u00bb border_width=\u00a0\u00bb3&Prime; el_width=\u00a0\u00bb10&Prime; css=\u00a0\u00bb.vc_custom_1700054601131{margin-top: 20px !important;}\u00a0\u00bb accent_color=\u00a0\u00bb#896b49&Prime;][vc_column_text]<\/p>\n<p style=\"text-align: center; font-size: 19pt; color: #fff; line-height: 1.3;\">Chez Dabofall, nous nous engageons \u00e0 vous offrir des exp\u00e9riences uniques et personnalis\u00e9es, adapt\u00e9es \u00e0 vos d\u00e9sirs et besoins. Nous sommes sp\u00e9cialis\u00e9s dans l&rsquo;offre de services exclusifs dans une vari\u00e9t\u00e9 de destinations, notamment des chalets de luxe, des restaurants exquis, des discoth\u00e8ques anim\u00e9es, des bars-salons confortables, des \u00e9v\u00e9nements inoubliables, des excursions passionnantes et des services de taxi fiables.<\/p>\n<p>[\/vc_column_text][\/vc_column_inner][vc_column_inner width=\u00a0\u00bb1\/6&Prime;][\/vc_column_inner][\/vc_row_inner][vc_empty_space][\/vc_column][\/vc_row][vc_row css=\u00a0\u00bb.vc_custom_1542955832597{padding-top: 20px !important;padding-bottom: 5px !important;}\u00a0\u00bb][vc_column width=\u00a0\u00bb1\/3&Prime;]<div class=\"st-featured-item image-left\">\r\n    <div class=\"image\">\r\n        <img decoding=\"async\" src=\"https:\/\/dabofall.com\/wp-content\/uploads\/2023\/10\/icono-vuelos.png\" class=\"img-responsive\" alt=\"600 compagnies a\u00e9riennes\">    <\/div>\r\n    <div class=\"content\">\r\n        <h3 class=\"title\">600 compagnies a\u00e9riennes<\/h3>\r\n        <div class=\"desc\">Nous vous proposons des vols vers plus de 100.000 destinations<\/div>\r\n    <\/div>\r\n<\/div>\r\n[\/vc_column][vc_column width=\u00a0\u00bb1\/3&Prime;]<div class=\"st-featured-item image-left\">\r\n    <div class=\"image\">\r\n        <img decoding=\"async\" src=\"https:\/\/dabofall.com\/wp-content\/uploads\/2023\/10\/icono-hoteles.png\" class=\"img-responsive\" alt=\"500.000 h\u00f4tels\">    <\/div>\r\n    <div class=\"content\">\r\n        <h3 class=\"title\">500.000 h\u00f4tels<\/h3>\r\n        <div class=\"desc\">R\u00e9servation directe dans les h\u00f4tels des 5 continents<\/div>\r\n    <\/div>\r\n<\/div>\r\n[\/vc_column][vc_column width=\u00a0\u00bb1\/3&Prime;]<div class=\"st-featured-item image-left\">\r\n    <div class=\"image\">\r\n        <img decoding=\"async\" src=\"https:\/\/dabofall.com\/wp-content\/uploads\/2023\/10\/icono-destinos.png\" class=\"img-responsive\" alt=\"100.000 destinations\">    <\/div>\r\n    <div class=\"content\">\r\n        <h3 class=\"title\">100.000 destinations<\/h3>\r\n        <div class=\"desc\">Disponibilit\u00e9 totale dans tous les pays du monde<\/div>\r\n    <\/div>\r\n<\/div>\r\n[\/vc_column][\/vc_row][vc_row full_width=\u00a0\u00bbstretch_row\u00a0\u00bb css=\u00a0\u00bb.vc_custom_1700055040856{margin-top: 20px !important;border-top-width: 1px !important;padding-top: 50px !important;padding-bottom: 60px !important;border-top-color: #f4f4f4 !important;border-top-style: solid !important;}\u00a0\u00bb][vc_column][vc_row_inner][vc_column_inner width=\u00a0\u00bb1\/6&Prime;][\/vc_column_inner][vc_column_inner width=\u00a0\u00bb2\/3&Prime;][vc_column_text css=\u00a0\u00bb.vc_custom_1701679945232{margin-bottom: 20px !important;}\u00a0\u00bb el_class=\u00a0\u00bbfs-28 fs-normal\u00a0\u00bb]<\/p>\n<h2 style=\"text-align: center;\"><span style=\"font-size: 20pt;\">Nos prestations dans la destination de votre choix:<\/span><\/h2>\n<p>[\/vc_column_text][vc_separator color=\u00a0\u00bbcustom\u00a0\u00bb border_width=\u00a0\u00bb3&Prime; el_width=\u00a0\u00bb10&Prime; accent_color=\u00a0\u00bb#896b49&Prime;][vc_column_text]<\/p>\n<p style=\"text-align: center;\">Nous pensons que chaque voyage est unique. Laissez-nous faire partie de votre aventure et faisons en sorte que chaque instant compte. Connectez-vous avec nous d\u00e8s aujourd&rsquo;hui pour commencer \u00e0 planifier votre exp\u00e9rience personnalis\u00e9e!<\/p>\n<p>[\/vc_column_text][\/vc_column_inner][vc_column_inner width=\u00a0\u00bb1\/6&Prime;][\/vc_column_inner][\/vc_row_inner][vc_empty_space][vc_row_inner][vc_column_inner width=\u00a0\u00bb1\/2&Prime;][vc_single_image image=\u00a0\u00bb11133&Prime; img_size=\u00a0\u00bbfull\u00a0\u00bb][\/vc_column_inner][vc_column_inner width=\u00a0\u00bb1\/2&Prime;][vc_column_text css=\u00a0\u00bb.vc_custom_1754466557223{margin-bottom: 10px !important;}\u00a0\u00bb el_class=\u00a0\u00bbfs-28 fs-normal\u00a0\u00bb]<\/p>\n<h3 style=\"text-align: left;\"><span style=\"font-size: 17pt;\">H\u00e9bergements<\/span><\/h3>\n<p>[\/vc_column_text][vc_column_text css=\u00a0\u00bb.vc_custom_1701680021408{margin-bottom: 25px !important;}\u00a0\u00bb]D\u00e9couvrez le confort et l&rsquo;\u00e9l\u00e9gance dans nos h\u00f4tels ou chalets exclusifs, con\u00e7us pour offrir un s\u00e9jour sans pr\u00e9c\u00e9dent.[\/vc_column_text][vc_column_text css=\u00a0\u00bb.vc_custom_1754466565756{margin-bottom: 10px !important;}\u00a0\u00bb el_class=\u00a0\u00bbfs-28 fs-normal\u00a0\u00bb]<\/p>\n<h3 style=\"text-align: left;\"><span style=\"font-size: 17pt;\">Restaurants et discoth\u00e8ques<\/span><\/h3>\n<p>[\/vc_column_text][vc_column_text css=\u00a0\u00bb.vc_custom_1701680059136{margin-bottom: 25px !important;}\u00a0\u00bb]Plongez dans la gastronomie exquise de nos restaurants et vivez la vie nocturne dans nos discoth\u00e8ques s\u00e9lectionn\u00e9es.[\/vc_column_text][vc_column_text css=\u00a0\u00bb.vc_custom_1754466573899{margin-bottom: 10px !important;}\u00a0\u00bb el_class=\u00a0\u00bbfs-28 fs-normal\u00a0\u00bb]<\/p>\n<h3 style=\"text-align: left;\"><span style=\"font-size: 17pt;\">Lounge Bar<\/span><\/h3>\n<p>[\/vc_column_text][vc_column_text css=\u00a0\u00bb.vc_custom_1701680095824{margin-bottom: 25px !important;}\u00a0\u00bb]D\u00e9tendez-vous et profitez de moments privil\u00e9gi\u00e9s dans notre Lounge Bar, o\u00f9 l&rsquo;atmosph\u00e8re unique se conjugue \u00e0 un service exceptionnel.[\/vc_column_text][vc_column_text css=\u00a0\u00bb.vc_custom_1754466581956{margin-bottom: 10px !important;}\u00a0\u00bb el_class=\u00a0\u00bbfs-28 fs-normal\u00a0\u00bb]<\/p>\n<h3 style=\"text-align: left;\"><span style=\"font-size: 17pt;\">\u00c9v\u00e9nements<\/span><\/h3>\n<p>[\/vc_column_text][vc_column_text css=\u00a0\u00bb.vc_custom_1701680135975{margin-bottom: 25px !important;}\u00a0\u00bb]Nous organisons des visites personnalis\u00e9es d&rsquo;\u00e9v\u00e9nements qui correspondent \u00e0 vos go\u00fbts et pr\u00e9f\u00e9rences, des c\u00e9l\u00e9brations intimes aux \u00e9v\u00e9nements d&rsquo;entreprise impressionnants.[\/vc_column_text][vc_column_text css=\u00a0\u00bb.vc_custom_1754466589681{margin-bottom: 10px !important;}\u00a0\u00bb el_class=\u00a0\u00bbfs-28 fs-normal\u00a0\u00bb]<\/p>\n<h3 style=\"text-align: left;\"><span style=\"font-size: 17pt;\">Excursions inoubliables<\/span><\/h3>\n<p>[\/vc_column_text][vc_column_text css=\u00a0\u00bb.vc_custom_1701680178904{margin-bottom: 25px !important;}\u00a0\u00bb]Explorez les paysages les plus \u00e9tonnants et vivez des aventures uniques avec nos excursions personnalis\u00e9es.[\/vc_column_text][vc_column_text css=\u00a0\u00bb.vc_custom_1754466598126{margin-bottom: 10px !important;}\u00a0\u00bb el_class=\u00a0\u00bbfs-28 fs-normal\u00a0\u00bb]<\/p>\n<h3 style=\"text-align: left;\"><span style=\"font-size: 17pt;\">Taxis de confiance<\/span><\/h3>\n<p>[\/vc_column_text][vc_column_text css=\u00a0\u00bb.vc_custom_1701680225080{margin-bottom: 25px !important;}\u00a0\u00bb]Voyagez en toute s\u00e9curit\u00e9 et confort avec notre service de taxi fiable, disponible pour vous emmener partout o\u00f9 vous souhaitez explorer la destination de votre choix.[\/vc_column_text][vc_btn title=\u00a0\u00bbContact\u00a0\u00bb style=\u00a0\u00bbflat\u00a0\u00bb color=\u00a0\u00bbdefault\u00a0\u00bb link=\u00a0\u00bburl:https%3A%2F%2Fdabofall.com%2Ffr%2Fcontact%2F|title:Contact\u00a0\u00bb][\/vc_column_inner][\/vc_row_inner][\/vc_column][\/vc_row]<\/p>\n<\/div>","protected":false},"excerpt":{"rendered":"<p>[vc_row full_width=\u00a0\u00bbstretch_row_content\u00a0\u00bb content_placement=\u00a0\u00bbmiddle\u00a0\u00bb bg_type=\u00a0\u00bbimage\u00a0\u00bb bg_override=\u00a0\u00bbex-full\u00a0\u00bb enable_overlay=\u00a0\u00bbenable_overlay_value\u00a0\u00bb overlay_color=\u00a0\u00bbrgba(0,0,0,0.5)\u00a0\u00bb css=\u00a0\u00bb.vc_custom_1700055386361{padding-top: 90px !important;padding-bottom: 92px !important;background-image: url(https:\/\/dabofall.com\/wp-content\/uploads\/2023\/11\/bg-header-inicio.jpg?id=11157) !important;background-position: center !important;background-repeat: no-repeat !important;background-size: cover !important;}\u00a0\u00bb][vc_column css=\u00a0\u00bb.vc_custom_1627029674838{padding-right: 2% !important;}\u00a0\u00bb][vc_empty_space][vc_row_inner][vc_column_inner width=\u00a0\u00bb1\/6&Prime;][\/vc_column_inner][vc_column_inner width=\u00a0\u00bb2\/3&Prime;][vc_column_text css=\u00a0\u00bb.vc_custom_1754466516661{margin-bottom: 0px !important;}\u00a0\u00bb el_class=\u00a0\u00bbfs-28 fs-normal\u00a0\u00bb] Services priv\u00e9s sur mesure pour vos voyages [\/vc_column_text][vc_separator color=\u00a0\u00bbcustom\u00a0\u00bb border_width=\u00a0\u00bb3&Prime; el_width=\u00a0\u00bb10&Prime; css=\u00a0\u00bb.vc_custom_1700054601131{margin-top: 20px !important;}\u00a0\u00bb accent_color=\u00a0\u00bb#896b49&Prime;][vc_column_text] Chez Dabofall, nous nous engageons \u00e0 vous offrir des exp\u00e9riences [&hellip;]<\/p>\n","protected":false},"author":8,"featured_media":0,"parent":0,"menu_order":0,"comment_status":"closed","ping_status":"closed","template":"template-home-modern.php","meta":{"_acf_changed":false,"_monsterinsights_skip_tracking":false,"_monsterinsights_sitenote_active":false,"_monsterinsights_sitenote_note":"","_monsterinsights_sitenote_category":0,"footnotes":""},"class_list":["post-11331","page","type-page","status-publish","has-post-thumbnail","hentry"],"acf":[],"yoast_head":"<!-- This site is optimized with the Yoast SEO plugin v26.7 - https:\/\/yoast.com\/wordpress\/plugins\/seo\/ -->\n<title>Services priv\u00e9s exclusifs | Dabofall<\/title>\n<meta name=\"description\" content=\"Vivez des exp\u00e9riences sur mesure : chalets, restaurants, \u00e9v\u00e9nements, excursions et taxis dans votre destination. Services priv\u00e9s avec Dabofall.\" \/>\n<meta name=\"robots\" content=\"index, follow, max-snippet:-1, max-image-preview:large, max-video-preview:-1\" \/>\n<link rel=\"canonical\" href=\"https:\/\/dabofall.com\/fr\/services-prives\/\" \/>\n<meta property=\"og:locale\" content=\"fr_FR\" \/>\n<meta property=\"og:type\" content=\"article\" \/>\n<meta property=\"og:title\" content=\"Services priv\u00e9s exclusifs | Dabofall\" \/>\n<meta property=\"og:description\" content=\"Vivez des exp\u00e9riences sur mesure : chalets, restaurants, \u00e9v\u00e9nements, excursions et taxis dans votre destination. Services priv\u00e9s avec Dabofall.\" \/>\n<meta property=\"og:url\" content=\"https:\/\/dabofall.com\/fr\/services-prives\/\" \/>\n<meta property=\"og:site_name\" content=\"DaboFall\" \/>\n<meta property=\"article:modified_time\" content=\"2025-08-06T07:50:04+00:00\" \/>\n<meta name=\"twitter:card\" content=\"summary_large_image\" \/>\n<meta name=\"twitter:label1\" content=\"Dur\u00e9e de lecture estim\u00e9e\" \/>\n\t<meta name=\"twitter:data1\" content=\"3 minutes\" \/>\n<script type=\"application\/ld+json\" class=\"yoast-schema-graph\">{\"@context\":\"https:\/\/schema.org\",\"@graph\":[{\"@type\":\"WebPage\",\"@id\":\"https:\/\/dabofall.com\/fr\/services-prives\/\",\"url\":\"https:\/\/dabofall.com\/fr\/services-prives\/\",\"name\":\"Services priv\u00e9s exclusifs | Dabofall\",\"isPartOf\":{\"@id\":\"https:\/\/dabofall.com\/fr\/#website\"},\"datePublished\":\"2023-11-15T13:36:49+00:00\",\"dateModified\":\"2025-08-06T07:50:04+00:00\",\"description\":\"Vivez des exp\u00e9riences sur mesure : chalets, restaurants, \u00e9v\u00e9nements, excursions et taxis dans votre destination. Services priv\u00e9s avec Dabofall.\",\"breadcrumb\":{\"@id\":\"https:\/\/dabofall.com\/fr\/services-prives\/#breadcrumb\"},\"inLanguage\":\"fr-FR\",\"potentialAction\":[{\"@type\":\"ReadAction\",\"target\":[\"https:\/\/dabofall.com\/fr\/services-prives\/\"]}]},{\"@type\":\"BreadcrumbList\",\"@id\":\"https:\/\/dabofall.com\/fr\/services-prives\/#breadcrumb\",\"itemListElement\":[{\"@type\":\"ListItem\",\"position\":1,\"name\":\"Portada\",\"item\":\"https:\/\/dabofall.com\/fr\/\"},{\"@type\":\"ListItem\",\"position\":2,\"name\":\"Services Priv\u00e9s\"}]},{\"@type\":\"WebSite\",\"@id\":\"https:\/\/dabofall.com\/fr\/#website\",\"url\":\"https:\/\/dabofall.com\/fr\/\",\"name\":\"DaboFall\",\"description\":\"Agencia de viajes online\",\"potentialAction\":[{\"@type\":\"SearchAction\",\"target\":{\"@type\":\"EntryPoint\",\"urlTemplate\":\"https:\/\/dabofall.com\/fr\/?s={search_term_string}\"},\"query-input\":{\"@type\":\"PropertyValueSpecification\",\"valueRequired\":true,\"valueName\":\"search_term_string\"}}],\"inLanguage\":\"fr-FR\"}]}<\/script>\n<!-- \/ Yoast SEO plugin. -->","yoast_head_json":{"title":"Services priv\u00e9s exclusifs | Dabofall","description":"Vivez des exp\u00e9riences sur mesure : chalets, restaurants, \u00e9v\u00e9nements, excursions et taxis dans votre destination. Services priv\u00e9s avec Dabofall.","robots":{"index":"index","follow":"follow","max-snippet":"max-snippet:-1","max-image-preview":"max-image-preview:large","max-video-preview":"max-video-preview:-1"},"canonical":"https:\/\/dabofall.com\/fr\/services-prives\/","og_locale":"fr_FR","og_type":"article","og_title":"Services priv\u00e9s exclusifs | Dabofall","og_description":"Vivez des exp\u00e9riences sur mesure : chalets, restaurants, \u00e9v\u00e9nements, excursions et taxis dans votre destination. Services priv\u00e9s avec Dabofall.","og_url":"https:\/\/dabofall.com\/fr\/services-prives\/","og_site_name":"DaboFall","article_modified_time":"2025-08-06T07:50:04+00:00","twitter_card":"summary_large_image","twitter_misc":{"Dur\u00e9e de lecture estim\u00e9e":"3 minutes"},"schema":{"@context":"https:\/\/schema.org","@graph":[{"@type":"WebPage","@id":"https:\/\/dabofall.com\/fr\/services-prives\/","url":"https:\/\/dabofall.com\/fr\/services-prives\/","name":"Services priv\u00e9s exclusifs | Dabofall","isPartOf":{"@id":"https:\/\/dabofall.com\/fr\/#website"},"datePublished":"2023-11-15T13:36:49+00:00","dateModified":"2025-08-06T07:50:04+00:00","description":"Vivez des exp\u00e9riences sur mesure : chalets, restaurants, \u00e9v\u00e9nements, excursions et taxis dans votre destination. Services priv\u00e9s avec Dabofall.","breadcrumb":{"@id":"https:\/\/dabofall.com\/fr\/services-prives\/#breadcrumb"},"inLanguage":"fr-FR","potentialAction":[{"@type":"ReadAction","target":["https:\/\/dabofall.com\/fr\/services-prives\/"]}]},{"@type":"BreadcrumbList","@id":"https:\/\/dabofall.com\/fr\/services-prives\/#breadcrumb","itemListElement":[{"@type":"ListItem","position":1,"name":"Portada","item":"https:\/\/dabofall.com\/fr\/"},{"@type":"ListItem","position":2,"name":"Services Priv\u00e9s"}]},{"@type":"WebSite","@id":"https:\/\/dabofall.com\/fr\/#website","url":"https:\/\/dabofall.com\/fr\/","name":"DaboFall","description":"Agencia de viajes online","potentialAction":[{"@type":"SearchAction","target":{"@type":"EntryPoint","urlTemplate":"https:\/\/dabofall.com\/fr\/?s={search_term_string}"},"query-input":{"@type":"PropertyValueSpecification","valueRequired":true,"valueName":"search_term_string"}}],"inLanguage":"fr-FR"}]}},"_links":{"self":[{"href":"https:\/\/dabofall.com\/fr\/wp-json\/wp\/v2\/pages\/11331","targetHints":{"allow":["GET"]}}],"collection":[{"href":"https:\/\/dabofall.com\/fr\/wp-json\/wp\/v2\/pages"}],"about":[{"href":"https:\/\/dabofall.com\/fr\/wp-json\/wp\/v2\/types\/page"}],"author":[{"embeddable":true,"href":"https:\/\/dabofall.com\/fr\/wp-json\/wp\/v2\/users\/8"}],"replies":[{"embeddable":true,"href":"https:\/\/dabofall.com\/fr\/wp-json\/wp\/v2\/comments?post=11331"}],"version-history":[{"count":5,"href":"https:\/\/dabofall.com\/fr\/wp-json\/wp\/v2\/pages\/11331\/revisions"}],"predecessor-version":[{"id":11837,"href":"https:\/\/dabofall.com\/fr\/wp-json\/wp\/v2\/pages\/11331\/revisions\/11837"}],"wp:attachment":[{"href":"https:\/\/dabofall.com\/fr\/wp-json\/wp\/v2\/media?parent=11331"}],"curies":[{"name":"wp","href":"https:\/\/api.w.org\/{rel}","templated":true}]}}