{"id":11390,"date":"2023-02-10T06:15:39","date_gmt":"2023-02-10T06:15:39","guid":{"rendered":"https:\/\/dabofall.com\/politica-de-cookies\/"},"modified":"2023-12-04T07:41:51","modified_gmt":"2023-12-04T07:41:51","slug":"politique-de-cookies","status":"publish","type":"page","link":"https:\/\/dabofall.com\/fr\/politique-de-cookies\/","title":{"rendered":"Politique de Cookies"},"content":{"rendered":"<div class=\"wpb-content-wrapper\"><p>[vc_row css=\u00a0\u00bb.vc_custom_1658381828019{padding-top: 50px !important;}\u00a0\u00bb][vc_column][vc_column_text el_class=\u00a0\u00bbcus-justify\u00a0\u00bb]<\/p>\n<h3>Politique de Cookies<\/h3>\n<p>&nbsp;<\/p>\n<p><strong>CONTEXTE<\/strong><\/p>\n<p>Conform\u00e9ment \u00e0 la r\u00e9glementation espagnole qui r\u00e9glemente l&rsquo;utilisation de cookies dans le cadre de la fourniture de services de communications \u00e9lectroniques, contenue dans le d\u00e9cret-loi royal 13\/2012 du 30 mars, nous vous informons des cookies utilis\u00e9s sur le <strong> site Dabofall<\/strong> (\u00e9galement le fournisseur) et la raison de son utilisation. De m\u00eame, il vous informe qu&rsquo;en naviguant sur le Site, vous consentez \u00e0 leur utilisation.<\/p>\n<p>&nbsp;<\/p>\n<p><strong>QUE SONT LES COOKIES\u00a0?<\/strong><\/p>\n<p>Un cookie est un fichier t\u00e9l\u00e9charg\u00e9 sur votre ordinateur lorsque vous acc\u00e9dez \u00e0 certaines pages Web. Les cookies permettent, entre autres, \u00e0 un site Web de stocker et de r\u00e9cup\u00e9rer des informations sur les habitudes de navigation d&rsquo;un utilisateur ou de son \u00e9quipement et, en fonction des informations qu&rsquo;ils contiennent et de la mani\u00e8re dont vous utilisez votre \u00e9quipement, ils peuvent \u00eatre utilis\u00e9s pour reconna\u00eetre l&rsquo;utilisateur. Les cookies sont uniquement associ\u00e9s \u00e0 un utilisateur anonyme et \u00e0 son ordinateur ou appareil et ne fournissent pas de r\u00e9f\u00e9rences nous permettant de conna\u00eetre ses donn\u00e9es personnelles.<\/p>\n<p>&nbsp;<\/p>\n<p><strong>COOKIES CONCERN\u00c9S PAR LA R\u00c9GLEMENTATION ET COOKIES EXEMPT\u00c9S<\/strong><\/p>\n<p>Selon la directive europ\u00e9enne, les cookies qui n\u00e9cessitent le consentement \u00e9clair\u00e9 de l&rsquo;utilisateur sont les cookies analytiques et les cookies publicitaires et d&rsquo;affiliation, \u00e0 l&rsquo;exception de ceux d&rsquo;ordre technique et de ceux n\u00e9cessaires au fonctionnement du site Internet ou \u00e0 la fourniture des services express\u00e9ment demand\u00e9s. par l&rsquo;utilisateur.<\/p>\n<p>&nbsp;<\/p>\n<p><strong>TYPES DE COOKIES<\/strong><\/p>\n<p>a) En fonction de l&rsquo;<strong>entit\u00e9<\/strong> qui les g\u00e8re, il existe des <strong>cookies propres<\/strong> (ceux qui sont envoy\u00e9s \u00e0 l&rsquo;\u00e9quipement terminal de l&rsquo;utilisateur depuis un ordinateur ou un domaine g\u00e9r\u00e9 par l&rsquo;\u00e9diteur lui-m\u00eame et depuis lequel le service demand\u00e9 par l&rsquo;utilisateur est fourni) et <strong>de tiers<\/strong> (ceux qui sont envoy\u00e9s \u00e0 l&rsquo;\u00e9quipement terminal de l&rsquo;utilisateur depuis un ordinateur ou un domaine qui n&rsquo;est pas g\u00e9r\u00e9 par l&rsquo;\u00e9diteur, mais par une autre entit\u00e9 qui traite les donn\u00e9es obtenues gr\u00e2ce aux cookies).<\/p>\n<p>b) En fonction de la <strong>dur\u00e9e<\/strong> pendant laquelle ils restent actifs, il existe des <strong>sessions<\/strong> (con\u00e7ues pour collecter et stocker des donn\u00e9es pendant que l&rsquo;utilisateur acc\u00e8de \u00e0 une page Web) et des <strong>persistantes<\/strong>. ceux. (dans lesquels les donn\u00e9es sont stock\u00e9es dans le terminal et peuvent \u00eatre consult\u00e9es et trait\u00e9es pendant une p\u00e9riode d\u00e9finie par le responsable du cookie &#8211; elle peut aller de quelques minutes \u00e0 plusieurs ann\u00e9es).<\/p>\n<p>c) En fonction de la finalit\u00e9 pour laquelle ils traitent les informations qu&rsquo;ils collectent, ils peuvent \u00eatre :<\/p>\n<p>&#8211; <strong>Cookies techniques<\/strong> (n\u00e9cessaires \u00e0 l&rsquo;utilisation du site Web et \u00e0 la fourniture du service contract\u00e9),<\/p>\n<p>&#8211; <strong>Cookies de personnalisation<\/strong> (qui permettent \u00e0 l&rsquo;utilisateur d&rsquo;acc\u00e9der au service avec des caract\u00e9ristiques pr\u00e9d\u00e9finies, telles que la langue, le type de navigateur, la configuration r\u00e9gionale, etc.)<\/p>\n<p>&#8211; <strong>Cookies d&rsquo;analyse<\/strong> (collectent des informations sur l&rsquo;utilisation du site Internet),<\/p>\n<p>&#8211; <strong>Cookies publicitaires<\/strong> (collectent des informations sur les pr\u00e9f\u00e9rences et choix personnels des utilisateurs),<\/p>\n<p>&#8211; <strong>Cookies d&rsquo;affiliation<\/strong> (ils permettent de suivre les visites d&rsquo;autres sites Internet, avec lesquels le site Internet \u00e9tablit un contrat d&rsquo;affiliation).<\/p>\n<p>&nbsp;<\/p>\n<p><strong>TYPES DE COOKIES UTILIS\u00c9S PAR CE SITE WEB<\/strong><\/p>\n<p>Les cookies utilis\u00e9s sur notre site Web sont des cookies de session et des tiers, et nous permettent de stocker et d&rsquo;acc\u00e9der \u00e0 des informations li\u00e9es \u00e0 la langue, au type de navigateur utilis\u00e9 et \u00e0 d&rsquo;autres caract\u00e9ristiques g\u00e9n\u00e9rales pr\u00e9d\u00e9finies par l&rsquo;utilisateur, ainsi que de suivre et d&rsquo;analyser l&rsquo;activit\u00e9. r\u00e9alis\u00e9s pour am\u00e9liorer et fournir nos services de mani\u00e8re plus efficace et personnalis\u00e9e. Les cookies utilis\u00e9s sont, en tout \u00e9tat de cause, de nature temporaire, dans le seul but de rendre la navigation plus efficace. En aucun cas ces cookies ne fournissent par eux-m\u00eames des donn\u00e9es personnelles et ils ne servent pas \u00e0 les collecter.<\/p>\n<p>L&rsquo;utilisation de cookies offre des avantages, tels que :<\/p>\n<p>&#8211; facilite la navigation et l&rsquo;acc\u00e8s de l&rsquo;utilisateur aux diff\u00e9rents services propos\u00e9s par ce site Internet ;<\/p>\n<p>&#8211; \u00e9vite \u00e0 l&rsquo;utilisateur de devoir configurer des caract\u00e9ristiques g\u00e9n\u00e9rales pr\u00e9d\u00e9finies \u00e0 chaque fois qu&rsquo;il acc\u00e8de au site Internet ; et<\/p>\n<p>&#8211; favorise l&rsquo;am\u00e9lioration du fonctionnement et des services fournis \u00e0 travers ce site Web, apr\u00e8s l&rsquo;analyse correspondante des informations obtenues gr\u00e2ce aux cookies install\u00e9s.<\/p>\n<p>En acc\u00e9dant \u00e0 notre site Internet, vous \u00eates inform\u00e9 que si vous poursuivez votre navigation, divers cookies tiers seront install\u00e9s, consentant ainsi \u00e0 l&rsquo;installation de certains cookies dont le seul but est d&rsquo;enregistrer l&rsquo;acc\u00e8s \u00e0 notre site Internet pour la production de statistiques anonymes de visites. collecter des informations de mani\u00e8re anonyme. Vous n&rsquo;\u00eates pas oblig\u00e9 d&rsquo;accepter l&rsquo;installation de ces cookies, vous pouvez toujours naviguer sur l&rsquo;ensemble de notre site Internet.<\/p>\n<p>Des cookies de r\u00e9seaux sociaux peuvent \u00eatre install\u00e9s dans diff\u00e9rentes rubriques de notre site Internet, notamment les suivantes :<\/p>\n<ul>\n<li>Cookie Twitter, tel que pr\u00e9vu dans sa politique de confidentialit\u00e9 et d&rsquo;utilisation des cookies.<\/li>\n<li>Cookie Facebook, tel que pr\u00e9vu dans sa politique en mati\u00e8re de cookies.<\/li>\n<li>Cookie LinkedIn, tel que fourni sur sa page sur l&rsquo;utilisation des cookies.<\/li>\n<li>Cookie Google+ et Google Maps, tel qu&rsquo;indiqu\u00e9 sur leur page concernant le type de cookies qu&rsquo;ils utilisent.<\/li>\n<\/ul>\n<p>&nbsp;<\/p>\n<p><strong>R\u00c9VOCATION<\/strong><\/p>\n<p>A tout moment, vous pouvez acc\u00e9der aux param\u00e8tres de votre navigateur en acceptant ou en refusant tous les cookies, ou en s\u00e9lectionnant ceux dont vous soutenez l&rsquo;installation et ceux dont vous n&rsquo;acceptez pas l&rsquo;installation, en suivant l&rsquo;une des proc\u00e9dures suivantes, qui d\u00e9pend du navigateur que vous utilisez:<\/p>\n<p><strong>Google Chrome<\/strong> (dans le menu Outils):<\/p>\n<p>Param\u00e8tres &gt; Afficher les options avanc\u00e9es &gt; Confidentialit\u00e9 (Param\u00e8tres de contenu) &gt; Biscuits: https:\/\/support.google.com\/chrome\/answer\/95647?co=GENIE.Platform%3DDesktopandhl=es<\/p>\n<p><strong>Microsoft Internet Explorer<\/strong> (dans le menu Outils)\u00a0:<\/p>\n<p>Options Internet &gt; Confidentialit\u00e9 &gt; Avanc\u00e9: https:\/\/support.microsoft.com\/es-es\/help\/17442\/windows-internet-explorer-delete-manage-cookies<\/p>\n<p><strong>Firefox:<\/strong><\/p>\n<p>Options &gt; Confidentialit\u00e9 &gt; Biscuits: https:\/\/support.mozilla.org\/es\/kb\/habilitar-y-deshabilitar-cookies-sitios-web-rastrear-preferencias<\/p>\n<p><strong>Safari, iPad y iPhone:<\/strong><\/p>\n<p>Pr\u00e9f\u00e9rences &gt; Confidentialit\u00e9: https:\/\/support.apple.com\/kb\/ph21411?locale=es_ES<\/p>\n<p><strong>Opera:<\/strong><\/p>\n<p>Param\u00e8tres &gt; Options &gt; Avanc\u00e9 &gt; Biscuits: http:\/\/help.opera.com\/Windows\/12.00\/es-ES\/cookies.html<\/p>\n<p>Ces navigateurs sont sujets \u00e0 des mises \u00e0 jour ou \u00e0 des modifications, nous ne pouvons donc pas garantir qu&rsquo;ils s&rsquo;adapteront compl\u00e8tement \u00e0 la version de votre navigateur. Vous pouvez \u00e9galement utiliser un autre navigateur non inclus dans ces liens tel que Konqueror, Arora, Flock, etc. Pour \u00e9viter ces d\u00e9s\u00e9quilibres, vous pouvez y acc\u00e9der directement depuis les options de votre navigateur, g\u00e9n\u00e9ralement dans le menu \u00ab\u00a0Options\u00a0\u00bb de la rubrique \u00ab\u00a0Confidentialit\u00e9\u00a0\u00bb. (Veuillez consulter l&rsquo;aide de votre navigateur pour plus d&rsquo;informations).<\/p>\n<p>&nbsp;<\/p>\n<p><strong>D\u00c9SACTIVATION\/ACTIVATION ET SUPPRESSION DES COOKIES<\/strong><\/p>\n<p>Pour restreindre ou bloquer les cookies, cela se fait via les param\u00e8tres du navigateur.<\/p>\n<p>Si vous ne souhaitez pas que les sites Web placent des cookies sur votre ordinateur, vous pouvez ajuster les param\u00e8tres de votre navigateur afin d&rsquo;\u00eatre averti avant l&rsquo;installation de cookies. De m\u00eame, vous pouvez adapter les param\u00e8tres pour que le navigateur rejette tous les cookies, ou uniquement les cookies tiers. Vous pouvez \u00e9galement supprimer tous les cookies d\u00e9j\u00e0 pr\u00e9sents sur votre ordinateur. Veuillez noter que vous devrez adapter les param\u00e8tres s\u00e9par\u00e9ment pour chaque navigateur et appareil que vous utilisez.<\/p>\n<p>Veuillez noter que si vous ne souhaitez pas recevoir de cookies, nous ne pourrons plus garantir le bon fonctionnement de notre site Internet. Certaines fonctions du site pourraient \u00eatre perdues et vous ne pourrez peut-\u00eatre plus consulter certains sites Web. De plus, refuser les cookies ne signifie pas que vous ne verrez plus de publicit\u00e9s. Les publicit\u00e9s ne seront tout simplement pas adapt\u00e9es \u00e0 vos int\u00e9r\u00eats et seront r\u00e9p\u00e9t\u00e9es plus fr\u00e9quemment.<\/p>\n<p>Chaque navigateur dispose d&rsquo;une m\u00e9thode diff\u00e9rente pour adapter les param\u00e8tres. Si n\u00e9cessaire, consultez la fonction d&rsquo;aide du navigateur pour configurer les bons param\u00e8tres.<\/p>\n<p>Pour d\u00e9sactiver les cookies sur votre t\u00e9l\u00e9phone mobile, consultez le manuel de l&rsquo;appareil pour plus d&rsquo;informations.<\/p>\n<p>Vous pouvez obtenir plus d&rsquo;informations sur les cookies sur Internet, http:\/\/www.aboutcookies.org\/.<\/p>\n<p>Compte tenu du fonctionnement d&rsquo;Internet et des sites Web, nous ne disposons pas toujours d&rsquo;informations sur les cookies plac\u00e9s par des tiers via notre site Web. Cela s&rsquo;applique particuli\u00e8rement aux cas o\u00f9 notre site Internet contient des \u00e9l\u00e9ments dits int\u00e9gr\u00e9s : des textes, des documents, des images ou des courts m\u00e9trages qui sont stock\u00e9s ailleurs, mais affich\u00e9s sur ou via notre site Internet.<\/p>\n<p>Par cons\u00e9quent, si vous rencontrez ces types de cookies sur ce site Web et qu\u2019ils ne sont pas r\u00e9pertori\u00e9s ci-dessus, veuillez nous en informer. Ou contactez directement le tiers pour demander des informations sur les cookies qu&rsquo;ils placent, le but et la dur\u00e9e du cookie, et comment ils ont assur\u00e9 votre confidentialit\u00e9.[\/vc_column_text][\/vc_column][\/vc_row]<\/p>\n<\/div>","protected":false},"excerpt":{"rendered":"<p>[vc_row css=\u00a0\u00bb.vc_custom_1658381828019{padding-top: 50px !important;}\u00a0\u00bb][vc_column][vc_column_text el_class=\u00a0\u00bbcus-justify\u00a0\u00bb] Politique de Cookies &nbsp; CONTEXTE Conform\u00e9ment \u00e0 la r\u00e9glementation espagnole qui r\u00e9glemente l&rsquo;utilisation de cookies dans le cadre de la fourniture de services de communications \u00e9lectroniques, contenue dans le d\u00e9cret-loi royal 13\/2012 du 30 mars, nous vous informons des cookies utilis\u00e9s sur le site Dabofall (\u00e9galement le fournisseur) et la [&hellip;]<\/p>\n","protected":false},"author":3,"featured_media":0,"parent":0,"menu_order":0,"comment_status":"closed","ping_status":"closed","template":"template-home-modern.php","meta":{"_acf_changed":false,"_monsterinsights_skip_tracking":false,"_monsterinsights_sitenote_active":false,"_monsterinsights_sitenote_note":"","_monsterinsights_sitenote_category":0,"footnotes":""},"class_list":["post-11390","page","type-page","status-publish","has-post-thumbnail","hentry"],"acf":[],"yoast_head":"<!-- This site is optimized with the Yoast SEO plugin v26.7 - https:\/\/yoast.com\/wordpress\/plugins\/seo\/ -->\n<title>Politique de Cookies - DaboFall<\/title>\n<meta name=\"robots\" content=\"noindex, follow\" \/>\n<meta property=\"og:locale\" content=\"fr_FR\" \/>\n<meta property=\"og:type\" content=\"article\" \/>\n<meta property=\"og:title\" content=\"Politique de Cookies - DaboFall\" \/>\n<meta property=\"og:description\" content=\"[vc_row css=\u00a0\u00bb.vc_custom_1658381828019{padding-top: 50px !important;}\u00a0\u00bb][vc_column][vc_column_text el_class=\u00a0\u00bbcus-justify\u00a0\u00bb] Politique de Cookies &nbsp; CONTEXTE Conform\u00e9ment \u00e0 la r\u00e9glementation espagnole qui r\u00e9glemente l&rsquo;utilisation de cookies dans le cadre de la fourniture de services de communications \u00e9lectroniques, contenue dans le d\u00e9cret-loi royal 13\/2012 du 30 mars, nous vous informons des cookies utilis\u00e9s sur le site Dabofall (\u00e9galement le fournisseur) et la [&hellip;]\" \/>\n<meta property=\"og:url\" content=\"https:\/\/dabofall.com\/fr\/politique-de-cookies\/\" \/>\n<meta property=\"og:site_name\" content=\"DaboFall\" \/>\n<meta property=\"article:modified_time\" content=\"2023-12-04T07:41:51+00:00\" \/>\n<meta name=\"twitter:card\" content=\"summary_large_image\" \/>\n<meta name=\"twitter:label1\" content=\"Dur\u00e9e de lecture estim\u00e9e\" \/>\n\t<meta name=\"twitter:data1\" content=\"8 minutes\" \/>\n<script type=\"application\/ld+json\" class=\"yoast-schema-graph\">{\"@context\":\"https:\/\/schema.org\",\"@graph\":[{\"@type\":\"WebPage\",\"@id\":\"https:\/\/dabofall.com\/fr\/politique-de-cookies\/\",\"url\":\"https:\/\/dabofall.com\/fr\/politique-de-cookies\/\",\"name\":\"Politique de Cookies - DaboFall\",\"isPartOf\":{\"@id\":\"https:\/\/dabofall.com\/fr\/#website\"},\"datePublished\":\"2023-02-10T06:15:39+00:00\",\"dateModified\":\"2023-12-04T07:41:51+00:00\",\"breadcrumb\":{\"@id\":\"https:\/\/dabofall.com\/fr\/politique-de-cookies\/#breadcrumb\"},\"inLanguage\":\"fr-FR\",\"potentialAction\":[{\"@type\":\"ReadAction\",\"target\":[\"https:\/\/dabofall.com\/fr\/politique-de-cookies\/\"]}]},{\"@type\":\"BreadcrumbList\",\"@id\":\"https:\/\/dabofall.com\/fr\/politique-de-cookies\/#breadcrumb\",\"itemListElement\":[{\"@type\":\"ListItem\",\"position\":1,\"name\":\"Portada\",\"item\":\"https:\/\/dabofall.com\/fr\/\"},{\"@type\":\"ListItem\",\"position\":2,\"name\":\"Politique de Cookies\"}]},{\"@type\":\"WebSite\",\"@id\":\"https:\/\/dabofall.com\/fr\/#website\",\"url\":\"https:\/\/dabofall.com\/fr\/\",\"name\":\"DaboFall\",\"description\":\"Agencia de viajes online\",\"potentialAction\":[{\"@type\":\"SearchAction\",\"target\":{\"@type\":\"EntryPoint\",\"urlTemplate\":\"https:\/\/dabofall.com\/fr\/?s={search_term_string}\"},\"query-input\":{\"@type\":\"PropertyValueSpecification\",\"valueRequired\":true,\"valueName\":\"search_term_string\"}}],\"inLanguage\":\"fr-FR\"}]}<\/script>\n<!-- \/ Yoast SEO plugin. -->","yoast_head_json":{"title":"Politique de Cookies - DaboFall","robots":{"index":"noindex","follow":"follow"},"og_locale":"fr_FR","og_type":"article","og_title":"Politique de Cookies - DaboFall","og_description":"[vc_row css=\u00a0\u00bb.vc_custom_1658381828019{padding-top: 50px !important;}\u00a0\u00bb][vc_column][vc_column_text el_class=\u00a0\u00bbcus-justify\u00a0\u00bb] Politique de Cookies &nbsp; CONTEXTE Conform\u00e9ment \u00e0 la r\u00e9glementation espagnole qui r\u00e9glemente l&rsquo;utilisation de cookies dans le cadre de la fourniture de services de communications \u00e9lectroniques, contenue dans le d\u00e9cret-loi royal 13\/2012 du 30 mars, nous vous informons des cookies utilis\u00e9s sur le site Dabofall (\u00e9galement le fournisseur) et la [&hellip;]","og_url":"https:\/\/dabofall.com\/fr\/politique-de-cookies\/","og_site_name":"DaboFall","article_modified_time":"2023-12-04T07:41:51+00:00","twitter_card":"summary_large_image","twitter_misc":{"Dur\u00e9e de lecture estim\u00e9e":"8 minutes"},"schema":{"@context":"https:\/\/schema.org","@graph":[{"@type":"WebPage","@id":"https:\/\/dabofall.com\/fr\/politique-de-cookies\/","url":"https:\/\/dabofall.com\/fr\/politique-de-cookies\/","name":"Politique de Cookies - DaboFall","isPartOf":{"@id":"https:\/\/dabofall.com\/fr\/#website"},"datePublished":"2023-02-10T06:15:39+00:00","dateModified":"2023-12-04T07:41:51+00:00","breadcrumb":{"@id":"https:\/\/dabofall.com\/fr\/politique-de-cookies\/#breadcrumb"},"inLanguage":"fr-FR","potentialAction":[{"@type":"ReadAction","target":["https:\/\/dabofall.com\/fr\/politique-de-cookies\/"]}]},{"@type":"BreadcrumbList","@id":"https:\/\/dabofall.com\/fr\/politique-de-cookies\/#breadcrumb","itemListElement":[{"@type":"ListItem","position":1,"name":"Portada","item":"https:\/\/dabofall.com\/fr\/"},{"@type":"ListItem","position":2,"name":"Politique de Cookies"}]},{"@type":"WebSite","@id":"https:\/\/dabofall.com\/fr\/#website","url":"https:\/\/dabofall.com\/fr\/","name":"DaboFall","description":"Agencia de viajes online","potentialAction":[{"@type":"SearchAction","target":{"@type":"EntryPoint","urlTemplate":"https:\/\/dabofall.com\/fr\/?s={search_term_string}"},"query-input":{"@type":"PropertyValueSpecification","valueRequired":true,"valueName":"search_term_string"}}],"inLanguage":"fr-FR"}]}},"_links":{"self":[{"href":"https:\/\/dabofall.com\/fr\/wp-json\/wp\/v2\/pages\/11390","targetHints":{"allow":["GET"]}}],"collection":[{"href":"https:\/\/dabofall.com\/fr\/wp-json\/wp\/v2\/pages"}],"about":[{"href":"https:\/\/dabofall.com\/fr\/wp-json\/wp\/v2\/types\/page"}],"author":[{"embeddable":true,"href":"https:\/\/dabofall.com\/fr\/wp-json\/wp\/v2\/users\/3"}],"replies":[{"embeddable":true,"href":"https:\/\/dabofall.com\/fr\/wp-json\/wp\/v2\/comments?post=11390"}],"version-history":[{"count":2,"href":"https:\/\/dabofall.com\/fr\/wp-json\/wp\/v2\/pages\/11390\/revisions"}],"predecessor-version":[{"id":11457,"href":"https:\/\/dabofall.com\/fr\/wp-json\/wp\/v2\/pages\/11390\/revisions\/11457"}],"wp:attachment":[{"href":"https:\/\/dabofall.com\/fr\/wp-json\/wp\/v2\/media?parent=11390"}],"curies":[{"name":"wp","href":"https:\/\/api.w.org\/{rel}","templated":true}]}}