{"id":11394,"date":"2022-07-21T05:35:14","date_gmt":"2022-07-21T05:35:14","guid":{"rendered":"https:\/\/dabofall.com\/politica-de-privacidad\/"},"modified":"2023-12-04T07:51:35","modified_gmt":"2023-12-04T07:51:35","slug":"politique-de-confidentialite","status":"publish","type":"page","link":"https:\/\/dabofall.com\/fr\/politique-de-confidentialite\/","title":{"rendered":"Politique de Confidentialit\u00e9"},"content":{"rendered":"<div class=\"wpb-content-wrapper\"><p>[vc_row css=\u00a0\u00bb.vc_custom_1658381828019{padding-top: 50px !important;}\u00a0\u00bb][vc_column][vc_column_text el_class=\u00a0\u00bbcus-justify\u00a0\u00bb]<\/p>\n<h3>Politique de Confidentialit\u00e9<\/h3>\n<p>&nbsp;<\/p>\n<p>Conform\u00e9ment au Chapitre II de la Loi 34\/2002, LSSICE, nous vous informons que ce site Internet est la propri\u00e9t\u00e9 de <strong>Dabofall<\/strong>, d\u00e9sormais \u00e9galement le Prestataire, domicili\u00e9 \u00e0 Grand Dakar N:306, 2 &#8211; \u00c0 Dakar S\u00e9n\u00e9gal, num\u00e9ro de t\u00e9l\u00e9phone de contact : +34632654930, et email : info@dabofall.com.<\/p>\n<p><strong>Dabofall<\/strong> en tant que responsable de ce Site Internet et conform\u00e9ment aux dispositions de la r\u00e9glementation en vigueur sur la protection des donn\u00e9es personnelles, R\u00e8glement (UE) 2016\/679 du 27 avril 2016 (RGPD) relatif \u00e0 la protection des donn\u00e9es naturelles. personnes concernant le traitement des donn\u00e9es personnelles et la libre circulation de ces donn\u00e9es, la loi organique 15\/1999 du 13 d\u00e9cembre sur la protection des donn\u00e9es personnelles (LOPD) et la loi 34\/2002 du 11 juillet des services et services de la soci\u00e9t\u00e9 de l&rsquo;information. Le commerce \u00e9lectronique (LSSICE), a mis en \u0153uvre toutes les mesures de s\u00e9curit\u00e9, de nature technique et organisationnelle, \u00e9tablies dans le d\u00e9cret royal 1720\/2007 du 21 d\u00e9cembre (\u00e9labor\u00e9 par la LOPD) pour garantir et prot\u00e9ger la confidentialit\u00e9, l&rsquo;int\u00e9grit\u00e9 et la disponibilit\u00e9 des donn\u00e9es. entr\u00e9.<\/p>\n<p>Dans le cadre des prestations propos\u00e9es par la LOPD, <strong>Dabofall<\/strong> vous informe que les donn\u00e9es que vous nous fournissez volontairement seront int\u00e9gr\u00e9es dans nos syst\u00e8mes d&rsquo;information afin d&rsquo;effectuer les d\u00e9marches commerciales et administratives n\u00e9cessaires aupr\u00e8s des utilisateurs de la toile; Les op\u00e9rations pr\u00e9vues pour r\u00e9aliser les traitements sont les suivantes : r\u00e9pondre aux requ\u00eates et\/ou fournir les informations demand\u00e9es par l&rsquo;Utilisateur ; effectuer la fourniture de services et\/ou de produits contract\u00e9s ou souscrits par l&rsquo;Utilisateur\u00a0; r\u00e9aliser toutes les activit\u00e9s de <strong>Dabofall<\/strong> d\u00e9crites dans les pr\u00e9sentes mentions l\u00e9gales et envoyer la newsletter du site.<\/p>\n<p>Le signataire garantit la v\u00e9racit\u00e9 des donn\u00e9es fournies et s&rsquo;engage \u00e0 communiquer toute modification qui pourrait y survenir.<\/p>\n<p>Le Prestataire, au moyen d&rsquo;un ast\u00e9risque (*) dans les cases correspondantes du formulaire de contact, informe l&rsquo;Utilisateur de cette obligation, en lui indiquant quelles donn\u00e9es sont n\u00e9cessaires. En indiquant et en saisissant les donn\u00e9es, l&rsquo;Utilisateur donne son consentement sans \u00e9quivoque \u00e0 <strong>Dabofall <\/strong> pour traiter les donn\u00e9es fournies aux fins susmentionn\u00e9es.<\/p>\n<p>Le fait de ne pas fournir les donn\u00e9es personnelles demand\u00e9es ou de ne pas accepter cette politique de protection des donn\u00e9es signifie l&rsquo;impossibilit\u00e9 de souscrire, de s&rsquo;inscrire ou de recevoir des informations sur les produits et services du Prestataire.<\/p>\n<p>Conform\u00e9ment aux dispositions de la r\u00e9glementation en vigueur sur la protection des donn\u00e9es personnelles, le Prestataire respecte toutes les dispositions de la r\u00e9glementation RGPD et LOPD pour le traitement des donn\u00e9es personnelles sous sa responsabilit\u00e9, et manifestement aux principes d\u00e9crits \u00e0 l&rsquo;art. 5 du RGPD et art. 4 de la LOPD, par laquelle ils sont trait\u00e9s de mani\u00e8re licite, loyale et transparente par rapport \u00e0 l&rsquo;int\u00e9ress\u00e9 et ad\u00e9quate, pertinente et limit\u00e9e \u00e0 ce qui est n\u00e9cessaire par rapport aux finalit\u00e9s pour lesquelles ils sont trait\u00e9s.<\/p>\n<p>Le RESPONSABLE garantit avoir mis en \u0153uvre des politiques techniques et organisationnelles appropri\u00e9es pour appliquer les mesures de s\u00e9curit\u00e9 \u00e9tablies par le RGPD et la LOPD pour prot\u00e9ger les droits et libert\u00e9s des Utilisateurs.<\/p>\n<p>Conform\u00e9ment \u00e0 cette r\u00e9glementation, nous vous informons donc que vous disposez du droit de demander l&rsquo;acc\u00e8s, la rectification, la portabilit\u00e9 et la suppression de vos donn\u00e9es ainsi que la limitation et l&rsquo;opposition \u00e0 leur traitement en contactant l&rsquo;adresse, l&rsquo;e-mail ou les contacts indiqu\u00e9s dans les mentions l\u00e9gales de ce site Internet, en indiquant comme Objet : \u00ab LOPD, ARCO Rights \u00bb, et en joignant une photocopie de votre DNI ou tout moyen analogue pr\u00e9vu par la loi, comme indiqu\u00e9 par la loi. Vous avez le droit de retirer votre consentement \u00e0 tout moment. Le retrait du consentement n&rsquo;affectera pas la lic\u00e9it\u00e9 du traitement effectu\u00e9 avant le retrait du consentement. Vous avez \u00e9galement le droit de d\u00e9poser une r\u00e9clamation aupr\u00e8s de l&rsquo;autorit\u00e9 de contr\u00f4le si vous estimez que vos droits peuvent avoir \u00e9t\u00e9 viol\u00e9s en mati\u00e8re de protection de vos donn\u00e9es (agpd.es).<\/p>\n<p>&nbsp;<\/p>\n<p><strong>CONFIDENTIALIT\u00c9 ET TRANSFERT DE DONN\u00c9ES \u00c0 DES TIERS<\/strong><\/p>\n<p>Les donn\u00e9es que vous nous fournissez seront trait\u00e9es de mani\u00e8re confidentielle. Le Prestataire a adopt\u00e9 toutes les mesures techniques et organisationnelles et tous les niveaux de protection n\u00e9cessaires pour garantir la s\u00e9curit\u00e9 du traitement des donn\u00e9es et emp\u00eacher leur alt\u00e9ration, perte, vol, traitement ou acc\u00e8s non autoris\u00e9, conform\u00e9ment \u00e0 l&rsquo;\u00e9tat de la technologie et \u00e0 la nature des donn\u00e9es. stock\u00e9. De m\u00eame, il est \u00e9galement garanti que le traitement et l&rsquo;enregistrement dans les fichiers, programmes, syst\u00e8mes ou \u00e9quipements, locaux et centres respectent les exigences et conditions d&rsquo;int\u00e9grit\u00e9 et de s\u00e9curit\u00e9 \u00e9tablies dans la r\u00e9glementation en vigueur.<\/p>\n<p><strong>Dabofall <\/strong> ne transf\u00e9rera pas de donn\u00e9es personnelles \u00e0 des tiers, sauf obligation l\u00e9gale. Toutefois, en cas de transfert \u00e0 un tiers, une information pr\u00e9alable sera fournie demandant le consentement expr\u00e8s pour un tel transfert. Le responsable de la base de donn\u00e9es, ainsi que les personnes impliqu\u00e9es dans n&rsquo;importe quelle phase du traitement et\/ou les entit\u00e9s auxquelles elle a \u00e9t\u00e9 communiqu\u00e9e &#8211; en tout cas toujours avec l&rsquo;autorisation correspondante accord\u00e9e par l&rsquo;utilisateur &#8211; sont tenus au secret professionnel. et l&rsquo;adoption des niveaux de protection et des mesures techniques et organisationnelles n\u00e9cessaires \u00e0 sa disposition pour garantir la s\u00e9curit\u00e9 des donn\u00e9es personnelles, en \u00e9vitant, dans la mesure du possible, l&rsquo;acc\u00e8s non autoris\u00e9, les modifications illicites, les soustractions et\/ou la perte de donn\u00e9es, afin assurer le niveau de s\u00e9curit\u00e9 correspondant pour les fichiers du Prestataire, en fonction de la nature et de la sensibilit\u00e9 des donn\u00e9es fournies par les utilisateurs de ce Site Internet.<\/p>\n<p>&nbsp;<\/p>\n<p><strong>ACCEPTATION ET CONSENTEMENT <\/strong><\/p>\n<p>L&rsquo;Utilisateur d\u00e9clare avoir \u00e9t\u00e9 inform\u00e9 des conditions de protection des donn\u00e9es personnelles, en acceptant et en consentant au traitement automatis\u00e9 de celles-ci par <strong>Dabofall<\/strong> de la mani\u00e8re et aux fins indiqu\u00e9es dans la pr\u00e9sente Politique de Confidentialit\u00e9. protection des donn\u00e9es.<\/p>\n<p>Par cette politique de confidentialit\u00e9, nous vous informons que les photographies publi\u00e9es sur le site Web sont la propri\u00e9t\u00e9 de <strong>Dabofall<\/strong>, y compris celles des mineurs, pour lesquelles le consentement a \u00e9t\u00e9 obtenu pour obtenir le consentement pr\u00e9alable des parents, tuteurs ou repr\u00e9sentants l\u00e9gaux en signant les formulaires \u00e9tablis \u00e0 cet effet par les centres dont font partie les mineurs. Toutefois, les parents, tuteurs ou repr\u00e9sentants de mineurs, en tant que titulaires de l&rsquo;exercice de leurs droits, et toujours sur demande formelle \u00e9crite, peuvent indiquer leur refus d&rsquo;utiliser l&rsquo;image du mineur ; Dans ce cas, l&rsquo;image appara\u00eetra pixellis\u00e9e.<\/p>\n<p>&nbsp;<\/p>\n<p><strong>EXACTITUDE ET V\u00c9RIT\u00c9 DES DONN\u00c9ES<\/strong><\/p>\n<p>L&rsquo;utilisateur est seul responsable de la v\u00e9racit\u00e9 et de l&rsquo;exactitude des donn\u00e9es envoy\u00e9es \u00e0 <strong>Dabofall<\/strong>, exon\u00e9rant le Prestataire de toute responsabilit\u00e9 \u00e0 cet \u00e9gard. Les utilisateurs garantissent et sont responsables, dans tous les cas, de l&rsquo;exactitude, de la validit\u00e9 et de l&rsquo;authenticit\u00e9 des donn\u00e9es personnelles fournies, et s&rsquo;engagent \u00e0 les tenir d\u00fbment mises \u00e0 jour. L&rsquo;utilisateur s&rsquo;engage \u00e0 fournir des informations compl\u00e8tes et exactes dans le formulaire d&rsquo;inscription ou d&rsquo;abonnement.<\/p>\n<p>&nbsp;<\/p>\n<p><strong>CONTENU DU SITE I LIENS<\/strong><\/p>\n<p><strong>Dabofall<\/strong> se r\u00e9serve le droit de mettre \u00e0 jour, de modifier ou de supprimer les informations contenues sur le site Web, et peut m\u00eame limiter ou interdire l&rsquo;acc\u00e8s \u00e0 ces informations.<\/p>\n<p><strong>Dabofall<\/strong> n&rsquo;assume aucun type de responsabilit\u00e9 quant aux informations contenues sur des sites Web tiers accessibles via les \u00ab\u00a0liens\u00a0\u00bb de tout site Web appartenant au Fournisseur.<\/p>\n<p>La pr\u00e9sence de \u00ab liens \u00bb est \u00e0 titre informatif uniquement et n&rsquo;implique en aucun cas une suggestion, une invitation ou une reconnaissance de ceux-ci.<\/p>\n<p>&nbsp;<\/p>\n<p><strong>ENVOYER CV <\/strong><\/p>\n<p>Dans le cas o\u00f9 l&rsquo;utilisateur envoie son CV via notre site Web, nous l&rsquo;informons que les donn\u00e9es fournies seront trait\u00e9es pour le faire participer aux processus de s\u00e9lection qui peuvent exister, en effectuant une analyse du profil du candidat dans le but de s\u00e9lectionner le meilleur. candidat au poste vacant de g\u00e9rant. Nous vous informons qu&rsquo;il s&rsquo;agit de la seule proc\u00e9dure officielle pour accepter votre CV, donc les CV envoy\u00e9s via une proc\u00e9dure diff\u00e9rente ne seront pas accept\u00e9s. En cas de modification des donn\u00e9es, veuillez nous en informer par \u00e9crit dans les plus brefs d\u00e9lais, afin de maintenir vos donn\u00e9es d\u00fbment mises \u00e0 jour.<\/p>\n<p>Les donn\u00e9es seront conserv\u00e9es pendant une dur\u00e9e maximale d&rsquo;un an, apr\u00e8s quoi les donn\u00e9es seront supprim\u00e9es, garantissant une totale confidentialit\u00e9 tant dans le traitement que dans sa destruction ult\u00e9rieure. En ce sens, apr\u00e8s l&rsquo;expiration de la p\u00e9riode susmentionn\u00e9e, et si vous souhaitez continuer \u00e0 participer aux processus de s\u00e9lection du Responsable, veuillez nous envoyer \u00e0 nouveau votre curriculum vitae.<\/p>\n<p>Les donn\u00e9es pourront \u00eatre trait\u00e9es et\/ou communiqu\u00e9es aux entreprises membres de notre groupe pendant la dur\u00e9e de conservation de votre CV et pour les m\u00eames finalit\u00e9s signal\u00e9es pr\u00e9c\u00e9demment.<\/p>\n<p>&nbsp;<\/p>\n<p><strong>ABONNEMENT AU BLOG de <\/strong><strong>Dabofall<\/strong><\/p>\n<p>Dans le cas o\u00f9 l&rsquo;utilisateur s&rsquo;abonne au blog, nous vous informons que les donn\u00e9es fournies seront trait\u00e9es pour g\u00e9rer votre abonnement au blog informatif avec notification de mise \u00e0 jour et qu&rsquo;elles seront conserv\u00e9es aussi longtemps qu&rsquo;il existe un int\u00e9r\u00eat mutuel \u00e0 maintenir la finalit\u00e9. du traitement. Lorsqu&rsquo;elles ne seront plus n\u00e9cessaires \u00e0 cette fin, elles seront supprim\u00e9es avec des mesures de s\u00e9curit\u00e9 appropri\u00e9es pour garantir la pseudonymisation des donn\u00e9es ou leur destruction totale. Les donn\u00e9es ne seront pas communiqu\u00e9es \u00e0 des tiers, sauf obligation l\u00e9gale.<\/p>\n<p>&nbsp;<\/p>\n<p><strong>PARTICIPATION AUX FORUMS <\/strong><\/p>\n<p>Dans le cas o\u00f9 l&rsquo;utilisateur souhaite participer aux forums Web, nous vous informons que les donn\u00e9es fournies seront trait\u00e9es pour r\u00e9guler la participation \u00e0 ceux-ci. Tout enregistrement ou transmission de donn\u00e9es personnelles fournies par l&rsquo;utilisateur de ce forum implique la connaissance et l&rsquo;acceptation sans \u00e9quivoque des mentions l\u00e9gales et de la politique de confidentialit\u00e9 figurant sur le site. Les donn\u00e9es seront conserv\u00e9es aussi longtemps qu&rsquo;il existe un int\u00e9r\u00eat mutuel \u00e0 maintenir la finalit\u00e9 du traitement et lorsqu&rsquo;elles ne seront plus n\u00e9cessaires \u00e0 cette finalit\u00e9, elles seront supprim\u00e9es avec des mesures de s\u00e9curit\u00e9 appropri\u00e9es pour garantir la pseudonymisation des donn\u00e9es ou leur destruction totale. Les messages seront affich\u00e9s publiquement aux utilisateurs du forum en ligne.<\/p>\n<p>&nbsp;<\/p>\n<p><strong>PUBLICATION DE VOTRE T\u00c9MOIGNAGE<\/strong><\/p>\n<p>Dans le cas o\u00f9 l&rsquo;utilisateur souhaite publier son avis sur le site Web, nous l&rsquo;informons que les donn\u00e9es fournies seront trait\u00e9es pour r\u00e9pondre aux suggestions, exp\u00e9riences ou opinions propos\u00e9es concernant les produits et\/ou services \u00e0 publier sur le site Web et ainsi \u00eatre capable d&rsquo;aider d&rsquo;autres utilisateurs. Les donn\u00e9es seront conserv\u00e9es aussi longtemps qu&rsquo;il existe un int\u00e9r\u00eat mutuel \u00e0 maintenir la finalit\u00e9 du traitement et lorsqu&rsquo;elles ne seront plus n\u00e9cessaires \u00e0 cette finalit\u00e9, elles seront supprim\u00e9es avec des mesures de s\u00e9curit\u00e9 appropri\u00e9es pour garantir la pseudonymisation des donn\u00e9es ou leur destruction totale. . Les t\u00e9moins seront publi\u00e9s sur notre site Internet. Les seules informations personnelles qui seront publi\u00e9es sur le t\u00e9moin seront son nom.<\/p>\n<p>&nbsp;<\/p>\n<p><strong>CHANGEMENTS DANS CETTE POLITIQUE DE CONFIDENTIALIT\u00c9<\/strong><\/p>\n<p><strong>Dabofall<\/strong> se r\u00e9serve le droit de modifier cette politique pour l&rsquo;adapter aux \u00e9volutions l\u00e9gislatives ou jurisprudentielles.<\/p>\n<p>&nbsp;<\/p>\n<p><strong>E-MAILS COMMERCIAUX<\/strong><\/p>\n<p>Conform\u00e9ment \u00e0 la LSSICE, <strong>Dabofall <\/strong> n&rsquo;effectue pas de pratiques de SPAM, par cons\u00e9quent, il n&rsquo;envoie pas d&rsquo;e-mails commerciaux par courrier \u00e9lectronique qui n&rsquo;ont pas \u00e9t\u00e9 pr\u00e9alablement demand\u00e9s ou autoris\u00e9s par l&rsquo;Utilisateur. En cons\u00e9quence, dans chacun des formulaires pr\u00e9sents sur le Site, l&rsquo;Utilisateur a la possibilit\u00e9 de donner son consentement expr\u00e8s pour recevoir notre Newsletter, quelles que soient les informations commerciales sp\u00e9cifiquement demand\u00e9es.<\/p>\n<p>&nbsp;<\/p>\n<p><strong>LEGISLATION<\/strong><\/p>\n<p>\u00c0 toutes fins utiles, les relations entre <strong>Dabofall <\/strong> et les utilisateurs de ses services t\u00e9l\u00e9matiques, pr\u00e9sents sur ce site Web, sont soumises \u00e0 la l\u00e9gislation et \u00e0 la juridiction espagnole \u00e0 laquelle les parties se soumettent express\u00e9ment, \u00e9tant comp\u00e9tentes pour la r\u00e9solution de tous. conflits d\u00e9coulant de ou li\u00e9s \u00e0 son utilisation par les cours et tribunaux d&rsquo;Espagne.[\/vc_column_text][\/vc_column][\/vc_row]<\/p>\n<\/div>","protected":false},"excerpt":{"rendered":"<p>[vc_row css=\u00a0\u00bb.vc_custom_1658381828019{padding-top: 50px !important;}\u00a0\u00bb][vc_column][vc_column_text el_class=\u00a0\u00bbcus-justify\u00a0\u00bb] Politique de Confidentialit\u00e9 &nbsp; Conform\u00e9ment au Chapitre II de la Loi 34\/2002, LSSICE, nous vous informons que ce site Internet est la propri\u00e9t\u00e9 de Dabofall, d\u00e9sormais \u00e9galement le Prestataire, domicili\u00e9 \u00e0 Grand Dakar N:306, 2 &#8211; \u00c0 Dakar S\u00e9n\u00e9gal, num\u00e9ro de t\u00e9l\u00e9phone de contact : +34632654930, et email : info@dabofall.com. [&hellip;]<\/p>\n","protected":false},"author":3,"featured_media":0,"parent":0,"menu_order":0,"comment_status":"closed","ping_status":"closed","template":"template-home-modern.php","meta":{"_acf_changed":false,"_monsterinsights_skip_tracking":false,"_monsterinsights_sitenote_active":false,"_monsterinsights_sitenote_note":"","_monsterinsights_sitenote_category":0,"footnotes":""},"class_list":["post-11394","page","type-page","status-publish","has-post-thumbnail","hentry"],"acf":[],"yoast_head":"<!-- This site is optimized with the Yoast SEO plugin v26.7 - https:\/\/yoast.com\/wordpress\/plugins\/seo\/ -->\n<title>Politique de Confidentialit\u00e9 - DaboFall<\/title>\n<meta name=\"robots\" content=\"index, follow, max-snippet:-1, max-image-preview:large, max-video-preview:-1\" \/>\n<link rel=\"canonical\" href=\"https:\/\/dabofall.com\/fr\/politique-de-confidentialite\/\" \/>\n<meta property=\"og:locale\" content=\"fr_FR\" \/>\n<meta property=\"og:type\" content=\"article\" \/>\n<meta property=\"og:title\" content=\"Politique de Confidentialit\u00e9 - DaboFall\" \/>\n<meta property=\"og:description\" content=\"[vc_row css=\u00a0\u00bb.vc_custom_1658381828019{padding-top: 50px !important;}\u00a0\u00bb][vc_column][vc_column_text el_class=\u00a0\u00bbcus-justify\u00a0\u00bb] Politique de Confidentialit\u00e9 &nbsp; Conform\u00e9ment au Chapitre II de la Loi 34\/2002, LSSICE, nous vous informons que ce site Internet est la propri\u00e9t\u00e9 de Dabofall, d\u00e9sormais \u00e9galement le Prestataire, domicili\u00e9 \u00e0 Grand Dakar N:306, 2 &#8211; \u00c0 Dakar S\u00e9n\u00e9gal, num\u00e9ro de t\u00e9l\u00e9phone de contact : +34632654930, et email : info@dabofall.com. [&hellip;]\" \/>\n<meta property=\"og:url\" content=\"https:\/\/dabofall.com\/fr\/politique-de-confidentialite\/\" \/>\n<meta property=\"og:site_name\" content=\"DaboFall\" \/>\n<meta property=\"article:modified_time\" content=\"2023-12-04T07:51:35+00:00\" \/>\n<meta name=\"twitter:card\" content=\"summary_large_image\" \/>\n<meta name=\"twitter:label1\" content=\"Dur\u00e9e de lecture estim\u00e9e\" \/>\n\t<meta name=\"twitter:data1\" content=\"10 minutes\" \/>\n<script type=\"application\/ld+json\" class=\"yoast-schema-graph\">{\"@context\":\"https:\/\/schema.org\",\"@graph\":[{\"@type\":\"WebPage\",\"@id\":\"https:\/\/dabofall.com\/fr\/politique-de-confidentialite\/\",\"url\":\"https:\/\/dabofall.com\/fr\/politique-de-confidentialite\/\",\"name\":\"Politique de Confidentialit\u00e9 - DaboFall\",\"isPartOf\":{\"@id\":\"https:\/\/dabofall.com\/fr\/#website\"},\"datePublished\":\"2022-07-21T05:35:14+00:00\",\"dateModified\":\"2023-12-04T07:51:35+00:00\",\"breadcrumb\":{\"@id\":\"https:\/\/dabofall.com\/fr\/politique-de-confidentialite\/#breadcrumb\"},\"inLanguage\":\"fr-FR\",\"potentialAction\":[{\"@type\":\"ReadAction\",\"target\":[\"https:\/\/dabofall.com\/fr\/politique-de-confidentialite\/\"]}]},{\"@type\":\"BreadcrumbList\",\"@id\":\"https:\/\/dabofall.com\/fr\/politique-de-confidentialite\/#breadcrumb\",\"itemListElement\":[{\"@type\":\"ListItem\",\"position\":1,\"name\":\"Portada\",\"item\":\"https:\/\/dabofall.com\/fr\/\"},{\"@type\":\"ListItem\",\"position\":2,\"name\":\"Politique de Confidentialit\u00e9\"}]},{\"@type\":\"WebSite\",\"@id\":\"https:\/\/dabofall.com\/fr\/#website\",\"url\":\"https:\/\/dabofall.com\/fr\/\",\"name\":\"DaboFall\",\"description\":\"Agencia de viajes online\",\"potentialAction\":[{\"@type\":\"SearchAction\",\"target\":{\"@type\":\"EntryPoint\",\"urlTemplate\":\"https:\/\/dabofall.com\/fr\/?s={search_term_string}\"},\"query-input\":{\"@type\":\"PropertyValueSpecification\",\"valueRequired\":true,\"valueName\":\"search_term_string\"}}],\"inLanguage\":\"fr-FR\"}]}<\/script>\n<!-- \/ Yoast SEO plugin. -->","yoast_head_json":{"title":"Politique de Confidentialit\u00e9 - DaboFall","robots":{"index":"index","follow":"follow","max-snippet":"max-snippet:-1","max-image-preview":"max-image-preview:large","max-video-preview":"max-video-preview:-1"},"canonical":"https:\/\/dabofall.com\/fr\/politique-de-confidentialite\/","og_locale":"fr_FR","og_type":"article","og_title":"Politique de Confidentialit\u00e9 - DaboFall","og_description":"[vc_row css=\u00a0\u00bb.vc_custom_1658381828019{padding-top: 50px !important;}\u00a0\u00bb][vc_column][vc_column_text el_class=\u00a0\u00bbcus-justify\u00a0\u00bb] Politique de Confidentialit\u00e9 &nbsp; Conform\u00e9ment au Chapitre II de la Loi 34\/2002, LSSICE, nous vous informons que ce site Internet est la propri\u00e9t\u00e9 de Dabofall, d\u00e9sormais \u00e9galement le Prestataire, domicili\u00e9 \u00e0 Grand Dakar N:306, 2 &#8211; \u00c0 Dakar S\u00e9n\u00e9gal, num\u00e9ro de t\u00e9l\u00e9phone de contact : +34632654930, et email : info@dabofall.com. [&hellip;]","og_url":"https:\/\/dabofall.com\/fr\/politique-de-confidentialite\/","og_site_name":"DaboFall","article_modified_time":"2023-12-04T07:51:35+00:00","twitter_card":"summary_large_image","twitter_misc":{"Dur\u00e9e de lecture estim\u00e9e":"10 minutes"},"schema":{"@context":"https:\/\/schema.org","@graph":[{"@type":"WebPage","@id":"https:\/\/dabofall.com\/fr\/politique-de-confidentialite\/","url":"https:\/\/dabofall.com\/fr\/politique-de-confidentialite\/","name":"Politique de Confidentialit\u00e9 - DaboFall","isPartOf":{"@id":"https:\/\/dabofall.com\/fr\/#website"},"datePublished":"2022-07-21T05:35:14+00:00","dateModified":"2023-12-04T07:51:35+00:00","breadcrumb":{"@id":"https:\/\/dabofall.com\/fr\/politique-de-confidentialite\/#breadcrumb"},"inLanguage":"fr-FR","potentialAction":[{"@type":"ReadAction","target":["https:\/\/dabofall.com\/fr\/politique-de-confidentialite\/"]}]},{"@type":"BreadcrumbList","@id":"https:\/\/dabofall.com\/fr\/politique-de-confidentialite\/#breadcrumb","itemListElement":[{"@type":"ListItem","position":1,"name":"Portada","item":"https:\/\/dabofall.com\/fr\/"},{"@type":"ListItem","position":2,"name":"Politique de Confidentialit\u00e9"}]},{"@type":"WebSite","@id":"https:\/\/dabofall.com\/fr\/#website","url":"https:\/\/dabofall.com\/fr\/","name":"DaboFall","description":"Agencia de viajes online","potentialAction":[{"@type":"SearchAction","target":{"@type":"EntryPoint","urlTemplate":"https:\/\/dabofall.com\/fr\/?s={search_term_string}"},"query-input":{"@type":"PropertyValueSpecification","valueRequired":true,"valueName":"search_term_string"}}],"inLanguage":"fr-FR"}]}},"_links":{"self":[{"href":"https:\/\/dabofall.com\/fr\/wp-json\/wp\/v2\/pages\/11394","targetHints":{"allow":["GET"]}}],"collection":[{"href":"https:\/\/dabofall.com\/fr\/wp-json\/wp\/v2\/pages"}],"about":[{"href":"https:\/\/dabofall.com\/fr\/wp-json\/wp\/v2\/types\/page"}],"author":[{"embeddable":true,"href":"https:\/\/dabofall.com\/fr\/wp-json\/wp\/v2\/users\/3"}],"replies":[{"embeddable":true,"href":"https:\/\/dabofall.com\/fr\/wp-json\/wp\/v2\/comments?post=11394"}],"version-history":[{"count":2,"href":"https:\/\/dabofall.com\/fr\/wp-json\/wp\/v2\/pages\/11394\/revisions"}],"predecessor-version":[{"id":11459,"href":"https:\/\/dabofall.com\/fr\/wp-json\/wp\/v2\/pages\/11394\/revisions\/11459"}],"wp:attachment":[{"href":"https:\/\/dabofall.com\/fr\/wp-json\/wp\/v2\/media?parent=11394"}],"curies":[{"name":"wp","href":"https:\/\/api.w.org\/{rel}","templated":true}]}}