{"id":11407,"date":"2022-07-18T06:53:23","date_gmt":"2022-07-18T06:53:23","guid":{"rendered":"https:\/\/dabofall.com\/tren\/"},"modified":"2026-03-17T07:08:01","modified_gmt":"2026-03-17T07:08:01","slug":"trains","status":"publish","type":"page","link":"https:\/\/dabofall.com\/fr\/trains\/","title":{"rendered":"Trains"},"content":{"rendered":"<div class=\"wpb-content-wrapper\"><p>[vc_row full_width=\u00a0\u00bbstretch_row_content\u00a0\u00bb content_placement=\u00a0\u00bbmiddle\u00a0\u00bb bg_type=\u00a0\u00bbimage\u00a0\u00bb bg_override=\u00a0\u00bbex-full\u00a0\u00bb enable_overlay=\u00a0\u00bbenable_overlay_value\u00a0\u00bb overlay_color=\u00a0\u00bbrgba(0,0,0,0.25)\u00a0\u00bb css=\u00a0\u00bb.vc_custom_1675935603967{padding-top: 50px !important;background-image: url(https:\/\/dabofall.com\/wp-content\/uploads\/2022\/07\/billetes-de-tren.jpg?id=10371) !important;background-position: center !important;background-repeat: no-repeat !important;background-size: cover !important;}\u00a0\u00bb][vc_column css=\u00a0\u00bb.vc_custom_1627029674838{padding-right: 2% !important;}\u00a0\u00bb][vc_column_text css=\u00a0\u00bb.vc_custom_1754472193790{margin-bottom: 0px !important;}\u00a0\u00bb el_class=\u00a0\u00bbfs-28 fs-normal\u00a0\u00bb]<\/p>\n<h1 style=\"text-align: center;\"><span style=\"color: #ffffff;\">R\u00e9servez vos billets de train au meilleur prix<\/span><\/h1>\n<p>[\/vc_column_text][vc_wp_text]<iframe loading=\"lazy\" src=\"https:\/\/booking.dabofall.com\/public\/widget\/526568\/1706587566?selected_tab=train?lang=fr&amp;selected_tab=train\" width=\"100%\" height=\"510px\" frameborder=\"0\" scrolling=\"auto\"><a href=\"https:\/\/booking.dabofall.com\/public\/widget\/526568\/1706587566?selected_tab=train?lang=fr&amp;selected_tab=train\">Buscador<\/a><\/iframe>[\/vc_wp_text][\/vc_column][\/vc_row][vc_row css=\u00a0\u00bb.vc_custom_1542955832597{padding-top: 20px !important;padding-bottom: 5px !important;}\u00a0\u00bb][vc_column width=\u00a0\u00bb1\/3&Prime;]<div class=\"st-featured-item image-left\">\r\n    <div class=\"image\">\r\n        <img decoding=\"async\" src=\"https:\/\/dabofall.com\/wp-content\/uploads\/2023\/10\/icono-vuelos.png\" class=\"img-responsive\" alt=\"600 compagnies a\u00e9riennes\">    <\/div>\r\n    <div class=\"content\">\r\n        <h3 class=\"title\">600 compagnies a\u00e9riennes<\/h3>\r\n        <div class=\"desc\">Nous vous proposons des vols vers plus de 100.000 destinations<\/div>\r\n    <\/div>\r\n<\/div>\r\n[\/vc_column][vc_column width=\u00a0\u00bb1\/3&Prime;]<div class=\"st-featured-item image-left\">\r\n    <div class=\"image\">\r\n        <img decoding=\"async\" src=\"https:\/\/dabofall.com\/wp-content\/uploads\/2023\/10\/icono-hoteles.png\" class=\"img-responsive\" alt=\"500.000 h\u00f4tels\">    <\/div>\r\n    <div class=\"content\">\r\n        <h3 class=\"title\">500.000 h\u00f4tels<\/h3>\r\n        <div class=\"desc\">R\u00e9servation directe dans les h\u00f4tels des 5 continents<\/div>\r\n    <\/div>\r\n<\/div>\r\n[\/vc_column][vc_column width=\u00a0\u00bb1\/3&Prime;]<div class=\"st-featured-item image-left\">\r\n    <div class=\"image\">\r\n        <img decoding=\"async\" src=\"https:\/\/dabofall.com\/wp-content\/uploads\/2023\/10\/icono-destinos.png\" class=\"img-responsive\" alt=\"100.000 destinations\">    <\/div>\r\n    <div class=\"content\">\r\n        <h3 class=\"title\">100.000 destinations<\/h3>\r\n        <div class=\"desc\">Disponibilit\u00e9 totale dans tous les pays du monde<\/div>\r\n    <\/div>\r\n<\/div>\r\n[\/vc_column][\/vc_row][vc_row full_width=\u00a0\u00bbstretch_row\u00a0\u00bb css=\u00a0\u00bb.vc_custom_1699176285466{margin-top: 20px !important;border-top-width: 1px !important;padding-top: 50px !important;border-top-color: #f4f4f4 !important;border-top-style: solid !important;}\u00a0\u00bb][vc_column][vc_separator color=\u00a0\u00bbcustom\u00a0\u00bb border_width=\u00a0\u00bb3&Prime; el_width=\u00a0\u00bb10&Prime; accent_color=\u00a0\u00bb#896b49&Prime;][vc_empty_space][vc_column_text css=\u00a0\u00bb.vc_custom_1773731216324{margin-top: -40px !important;margin-bottom: -20px !important;}\u00a0\u00bb]<iframe loading=\"lazy\" src=\"https:\/\/booking.dabofall.com\/public\/widget\/526444\/4079166297?lang=fr\" width=\"100%\" height=\"500\" frameborder=\"0\" scrolling=\"auto\"><a href=\"https:\/\/booking.dabofall.com\/public\/widget\/526444\/4079166297?lang=fr\"><\/a><\/iframe>[\/vc_column_text][\/vc_column][\/vc_row][vc_row full_width=\u00a0\u00bbstretch_row\u00a0\u00bb row_fullwidth=\u00a0\u00bbyes\u00a0\u00bb css=\u00a0\u00bb.vc_custom_1699176325376{margin-top: 20px !important;border-top-width: 1px !important;padding-top: 50px !important;padding-bottom: 20px !important;border-top-color: #f4f4f4 !important;border-top-style: solid !important;}\u00a0\u00bb][vc_column][vc_separator color=\u00a0\u00bbcustom\u00a0\u00bb border_width=\u00a0\u00bb3&Prime; el_width=\u00a0\u00bb10&Prime; accent_color=\u00a0\u00bb#896b49&Prime;][vc_empty_space][vc_column_text css=\u00a0\u00bb.vc_custom_1773731239744{margin-top: -40px !important;margin-bottom: -20px !important;}\u00a0\u00bb]<iframe loading=\"lazy\" src=\"https:\/\/booking.dabofall.com\/public\/widget\/526447\/2108433594?lang=fr\" width=\"100%\" height=\"500\" frameborder=\"0\" scrolling=\"auto\"><a href=\"https:\/\/booking.dabofall.com\/public\/widget\/526447\/2108433594?lang=fr\"><\/a><\/iframe>[\/vc_column_text][\/vc_column][\/vc_row][vc_row full_width=\u00a0\u00bbstretch_row\u00a0\u00bb row_fullwidth=\u00a0\u00bbyes\u00a0\u00bb css=\u00a0\u00bb.vc_custom_1699176325376{margin-top: 20px !important;border-top-width: 1px !important;padding-top: 50px !important;padding-bottom: 20px !important;border-top-color: #f4f4f4 !important;border-top-style: solid !important;}\u00a0\u00bb][vc_column][vc_separator color=\u00a0\u00bbcustom\u00a0\u00bb border_width=\u00a0\u00bb3&Prime; el_width=\u00a0\u00bb10&Prime; accent_color=\u00a0\u00bb#896b49&Prime;][vc_empty_space][vc_column_text css=\u00a0\u00bb.vc_custom_1773731276576{margin-top: -40px !important;margin-bottom: -20px !important;}\u00a0\u00bb]<iframe loading=\"lazy\" src=\"https:\/\/booking.dabofall.com\/public\/widget\/526445\/1065952199?lang=fr\" width=\"100%\" height=\"500\" frameborder=\"0\" scrolling=\"auto\"><a href=\"https:\/\/booking.dabofall.com\/public\/widget\/526445\/1065952199?lang=fr\"><\/a><\/iframe>[\/vc_column_text][\/vc_column][\/vc_row]<\/p>\n<\/div>","protected":false},"excerpt":{"rendered":"<p>[vc_row full_width=\u00a0\u00bbstretch_row_content\u00a0\u00bb content_placement=\u00a0\u00bbmiddle\u00a0\u00bb bg_type=\u00a0\u00bbimage\u00a0\u00bb bg_override=\u00a0\u00bbex-full\u00a0\u00bb enable_overlay=\u00a0\u00bbenable_overlay_value\u00a0\u00bb overlay_color=\u00a0\u00bbrgba(0,0,0,0.25)\u00a0\u00bb css=\u00a0\u00bb.vc_custom_1675935603967{padding-top: 50px !important;background-image: url(https:\/\/dabofall.com\/wp-content\/uploads\/2022\/07\/billetes-de-tren.jpg?id=10371) !important;background-position: center !important;background-repeat: no-repeat !important;background-size: cover !important;}\u00a0\u00bb][vc_column css=\u00a0\u00bb.vc_custom_1627029674838{padding-right: 2% !important;}\u00a0\u00bb][vc_column_text css=\u00a0\u00bb.vc_custom_1754472193790{margin-bottom: 0px !important;}\u00a0\u00bb el_class=\u00a0\u00bbfs-28 fs-normal\u00a0\u00bb] R\u00e9servez vos billets de train au meilleur prix [\/vc_column_text][vc_wp_text]Buscador[\/vc_wp_text][\/vc_column][\/vc_row][vc_row css=\u00a0\u00bb.vc_custom_1542955832597{padding-top: 20px !important;padding-bottom: 5px !important;}\u00a0\u00bb][vc_column width=\u00a0\u00bb1\/3&Prime;][\/vc_column][vc_column width=\u00a0\u00bb1\/3&Prime;][\/vc_column][vc_column width=\u00a0\u00bb1\/3&Prime;][\/vc_column][\/vc_row][vc_row full_width=\u00a0\u00bbstretch_row\u00a0\u00bb css=\u00a0\u00bb.vc_custom_1699176285466{margin-top: 20px !important;border-top-width: 1px !important;padding-top: 50px !important;border-top-color: #f4f4f4 !important;border-top-style: solid !important;}\u00a0\u00bb][vc_column][vc_separator [&hellip;]<\/p>\n","protected":false},"author":3,"featured_media":0,"parent":0,"menu_order":0,"comment_status":"closed","ping_status":"closed","template":"template-home-modern.php","meta":{"_acf_changed":false,"_monsterinsights_skip_tracking":false,"_monsterinsights_sitenote_active":false,"_monsterinsights_sitenote_note":"","_monsterinsights_sitenote_category":0,"footnotes":""},"class_list":["post-11407","page","type-page","status-publish","has-post-thumbnail","hentry"],"acf":[],"yoast_head":"<!-- This site is optimized with the Yoast SEO plugin v26.7 - https:\/\/yoast.com\/wordpress\/plugins\/seo\/ -->\n<title>Billets de train pas chers | R\u00e9servez vos trajets rapidement<\/title>\n<meta name=\"description\" content=\"D\u00e9couvrez nos offres de billets de train pour voyager partout. R\u00e9servations faciles et tarifs avantageux avec Dabofall.\" \/>\n<meta name=\"robots\" content=\"index, follow, max-snippet:-1, max-image-preview:large, max-video-preview:-1\" \/>\n<link rel=\"canonical\" href=\"https:\/\/dabofall.com\/fr\/trains\/\" \/>\n<meta property=\"og:locale\" content=\"fr_FR\" \/>\n<meta property=\"og:type\" content=\"article\" \/>\n<meta property=\"og:title\" content=\"Billets de train pas chers | R\u00e9servez vos trajets rapidement\" \/>\n<meta property=\"og:description\" content=\"D\u00e9couvrez nos offres de billets de train pour voyager partout. R\u00e9servations faciles et tarifs avantageux avec Dabofall.\" \/>\n<meta property=\"og:url\" content=\"https:\/\/dabofall.com\/fr\/trains\/\" \/>\n<meta property=\"og:site_name\" content=\"DaboFall\" \/>\n<meta property=\"article:modified_time\" content=\"2026-03-17T07:08:01+00:00\" \/>\n<meta name=\"twitter:card\" content=\"summary_large_image\" \/>\n<meta name=\"twitter:label1\" content=\"Dur\u00e9e de lecture estim\u00e9e\" \/>\n\t<meta name=\"twitter:data1\" content=\"2 minutes\" \/>\n<script type=\"application\/ld+json\" class=\"yoast-schema-graph\">{\"@context\":\"https:\/\/schema.org\",\"@graph\":[{\"@type\":\"WebPage\",\"@id\":\"https:\/\/dabofall.com\/fr\/trains\/\",\"url\":\"https:\/\/dabofall.com\/fr\/trains\/\",\"name\":\"Billets de train pas chers | R\u00e9servez vos trajets rapidement\",\"isPartOf\":{\"@id\":\"https:\/\/dabofall.com\/fr\/#website\"},\"datePublished\":\"2022-07-18T06:53:23+00:00\",\"dateModified\":\"2026-03-17T07:08:01+00:00\",\"description\":\"D\u00e9couvrez nos offres de billets de train pour voyager partout. R\u00e9servations faciles et tarifs avantageux avec Dabofall.\",\"breadcrumb\":{\"@id\":\"https:\/\/dabofall.com\/fr\/trains\/#breadcrumb\"},\"inLanguage\":\"fr-FR\",\"potentialAction\":[{\"@type\":\"ReadAction\",\"target\":[\"https:\/\/dabofall.com\/fr\/trains\/\"]}]},{\"@type\":\"BreadcrumbList\",\"@id\":\"https:\/\/dabofall.com\/fr\/trains\/#breadcrumb\",\"itemListElement\":[{\"@type\":\"ListItem\",\"position\":1,\"name\":\"Portada\",\"item\":\"https:\/\/dabofall.com\/fr\/\"},{\"@type\":\"ListItem\",\"position\":2,\"name\":\"Trains\"}]},{\"@type\":\"WebSite\",\"@id\":\"https:\/\/dabofall.com\/fr\/#website\",\"url\":\"https:\/\/dabofall.com\/fr\/\",\"name\":\"DaboFall\",\"description\":\"Agencia de viajes online\",\"potentialAction\":[{\"@type\":\"SearchAction\",\"target\":{\"@type\":\"EntryPoint\",\"urlTemplate\":\"https:\/\/dabofall.com\/fr\/?s={search_term_string}\"},\"query-input\":{\"@type\":\"PropertyValueSpecification\",\"valueRequired\":true,\"valueName\":\"search_term_string\"}}],\"inLanguage\":\"fr-FR\"}]}<\/script>\n<!-- \/ Yoast SEO plugin. -->","yoast_head_json":{"title":"Billets de train pas chers | R\u00e9servez vos trajets rapidement","description":"D\u00e9couvrez nos offres de billets de train pour voyager partout. R\u00e9servations faciles et tarifs avantageux avec Dabofall.","robots":{"index":"index","follow":"follow","max-snippet":"max-snippet:-1","max-image-preview":"max-image-preview:large","max-video-preview":"max-video-preview:-1"},"canonical":"https:\/\/dabofall.com\/fr\/trains\/","og_locale":"fr_FR","og_type":"article","og_title":"Billets de train pas chers | R\u00e9servez vos trajets rapidement","og_description":"D\u00e9couvrez nos offres de billets de train pour voyager partout. R\u00e9servations faciles et tarifs avantageux avec Dabofall.","og_url":"https:\/\/dabofall.com\/fr\/trains\/","og_site_name":"DaboFall","article_modified_time":"2026-03-17T07:08:01+00:00","twitter_card":"summary_large_image","twitter_misc":{"Dur\u00e9e de lecture estim\u00e9e":"2 minutes"},"schema":{"@context":"https:\/\/schema.org","@graph":[{"@type":"WebPage","@id":"https:\/\/dabofall.com\/fr\/trains\/","url":"https:\/\/dabofall.com\/fr\/trains\/","name":"Billets de train pas chers | R\u00e9servez vos trajets rapidement","isPartOf":{"@id":"https:\/\/dabofall.com\/fr\/#website"},"datePublished":"2022-07-18T06:53:23+00:00","dateModified":"2026-03-17T07:08:01+00:00","description":"D\u00e9couvrez nos offres de billets de train pour voyager partout. R\u00e9servations faciles et tarifs avantageux avec Dabofall.","breadcrumb":{"@id":"https:\/\/dabofall.com\/fr\/trains\/#breadcrumb"},"inLanguage":"fr-FR","potentialAction":[{"@type":"ReadAction","target":["https:\/\/dabofall.com\/fr\/trains\/"]}]},{"@type":"BreadcrumbList","@id":"https:\/\/dabofall.com\/fr\/trains\/#breadcrumb","itemListElement":[{"@type":"ListItem","position":1,"name":"Portada","item":"https:\/\/dabofall.com\/fr\/"},{"@type":"ListItem","position":2,"name":"Trains"}]},{"@type":"WebSite","@id":"https:\/\/dabofall.com\/fr\/#website","url":"https:\/\/dabofall.com\/fr\/","name":"DaboFall","description":"Agencia de viajes online","potentialAction":[{"@type":"SearchAction","target":{"@type":"EntryPoint","urlTemplate":"https:\/\/dabofall.com\/fr\/?s={search_term_string}"},"query-input":{"@type":"PropertyValueSpecification","valueRequired":true,"valueName":"search_term_string"}}],"inLanguage":"fr-FR"}]}},"_links":{"self":[{"href":"https:\/\/dabofall.com\/fr\/wp-json\/wp\/v2\/pages\/11407","targetHints":{"allow":["GET"]}}],"collection":[{"href":"https:\/\/dabofall.com\/fr\/wp-json\/wp\/v2\/pages"}],"about":[{"href":"https:\/\/dabofall.com\/fr\/wp-json\/wp\/v2\/types\/page"}],"author":[{"embeddable":true,"href":"https:\/\/dabofall.com\/fr\/wp-json\/wp\/v2\/users\/3"}],"replies":[{"embeddable":true,"href":"https:\/\/dabofall.com\/fr\/wp-json\/wp\/v2\/comments?post=11407"}],"version-history":[{"count":12,"href":"https:\/\/dabofall.com\/fr\/wp-json\/wp\/v2\/pages\/11407\/revisions"}],"predecessor-version":[{"id":12006,"href":"https:\/\/dabofall.com\/fr\/wp-json\/wp\/v2\/pages\/11407\/revisions\/12006"}],"wp:attachment":[{"href":"https:\/\/dabofall.com\/fr\/wp-json\/wp\/v2\/media?parent=11407"}],"curies":[{"name":"wp","href":"https:\/\/api.w.org\/{rel}","templated":true}]}}