{"id":11691,"date":"2024-06-08T19:21:13","date_gmt":"2024-06-08T19:21:13","guid":{"rendered":"https:\/\/dabofall.com\/?page_id=11691"},"modified":"2024-06-08T19:21:14","modified_gmt":"2024-06-08T19:21:14","slug":"avis-juridique-3","status":"publish","type":"page","link":"https:\/\/dabofall.com\/fr\/avis-juridique-3\/","title":{"rendered":"Avis Juridique"},"content":{"rendered":"<div class=\"wpb-content-wrapper\"><p>[vc_row css=\u00a0\u00bb.vc_custom_1658381828019{padding-top: 50px !important;}\u00a0\u00bb][vc_column][vc_column_text el_class=\u00a0\u00bbcus-justify\u00a0\u00bb]<\/p>\n<h3>Avis Juridique<\/h3>\n<p>&nbsp;<\/p>\n<p>Afin de respecter l&rsquo;article 10 de la loi 34\/2002 sur les services de la soci\u00e9t\u00e9 de l&rsquo;information et le commerce \u00e9lectronique, nous informons les utilisateurs de nos donn\u00e9es :<\/p>\n<p>Nom de l\u2019entreprise\u00a0:\u00a0Dabofall<\/p>\n<p>Si\u00e8ge Social : Grand Dakar N:306, 2- A Dakar S\u00e9n\u00e9gal<\/p>\n<p>T\u00e9l\u00e9phone : +34 632 65 49 30<\/p>\n<p>Courriel\u00a0: info@dabofall.com<\/p>\n<p>Site Web : dabofall.com<\/p>\n<p>&nbsp;<\/p>\n<p><strong>1. OBJET<\/strong><\/p>\n<p><strong>Dabofall<\/strong> (ci-apr\u00e8s \u00e9galement le fournisseur), en tant que responsable du site Web, met \u00e0 la disposition des utilisateurs ce document qui r\u00e9git l&rsquo;utilisation du site Web, avec lequel nous entendons respecter les obligations \u00e9tablies par la loi 34\/2002, des services d&rsquo;information. Soci\u00e9t\u00e9 et Commerce Electronique (LSSICE ou LSSI), ainsi qu&rsquo;informer tous les utilisateurs du site Internet des conditions d&rsquo;utilisation du site Internet.<\/p>\n<p>Gr\u00e2ce au Web, Dabofall permet aux utilisateurs d&rsquo;acc\u00e9der et d&rsquo;utiliser diff\u00e9rents services et contenus mis \u00e0 disposition via le Web.<\/p>\n<p>Toute personne qui acc\u00e8de \u00e0 ce site Web assume la qualit\u00e9 d&rsquo;utilisateur (ci-apr\u00e8s l&rsquo;utilisateur) et implique l&rsquo;acceptation totale et sans r\u00e9serve de chacune des dispositions incluses dans le pr\u00e9sent avis l\u00e9gal, ainsi que de toute autre disposition l\u00e9gale qui pourrait \u00eatre applicable.<\/p>\n<p>En tant qu&rsquo;utilisateurs, vous devez lire attentivement ces mentions l\u00e9gales \u00e0 chaque fois que vous entrez sur le site Web, car elles peuvent subir des modifications puisque le fournisseur se r\u00e9serve le droit de modifier tout type d&rsquo;information qui peut appara\u00eetre sur le site Web, sans qu&rsquo;il en existe une. notifier ou informer les utilisateurs de ces obligations, la publication sur le site internet du prestataire \u00e9tant suffisante.<\/p>\n<p>&nbsp;<\/p>\n<p><strong>2.- CONDITIONS D&rsquo;ACC\u00c8S ET D&rsquo;UTILISATION DU SITE WEB.<\/strong><\/p>\n<p><strong>2.1. Caract\u00e8re gratuit de l&rsquo;acc\u00e8s et de l&rsquo;utilisation du site Internet.<\/strong><\/p>\n<p>La fourniture de services par Dabofall est gratuite pour tous les Utilisateurs. Toutefois, certains services fournis par le prestataire \u00e0 travers le Site Internet sont soumis au paiement d&rsquo;un prix d\u00e9termin\u00e9 par les conditions g\u00e9n\u00e9rales de vente.<\/p>\n<p><strong>2.2. Registre des utilisateurs.<\/strong><\/p>\n<p>D\u2019une mani\u00e8re g\u00e9n\u00e9rale, la fourniture des Services ne n\u00e9cessite pas d\u2019abonnement ni d\u2019enregistrement pr\u00e9alable des Utilisateurs. N\u00e9anmoins, Dabofall conditionne l&rsquo;utilisation de certains services \u00e0 la r\u00e9alisation pr\u00e9alable de l&rsquo;inscription de l&rsquo;Utilisateur correspondante. Cette inscription s&rsquo;effectuera de la mani\u00e8re express\u00e9ment indiqu\u00e9e dans la rubrique service elle-m\u00eame.<\/p>\n<p><strong>2.3. V\u00e9racit\u00e9 des informations.<\/strong><\/p>\n<p>Toutes les informations fournies par l&rsquo;Utilisateur doivent \u00eatre vraies. A ces fins, l&rsquo;Utilisateur garantit l&rsquo;authenticit\u00e9 des donn\u00e9es communiqu\u00e9es au travers des formulaires de souscription aux Services. Il appartiendra \u00e0 l&rsquo;Utilisateur de tenir \u00e0 jour en permanence toutes les informations fournies \u00e0 Dabofall afin qu&rsquo;elles r\u00e9pondent, \u00e0 tout moment, \u00e0 sa situation r\u00e9elle. Dans tous les cas, l&rsquo;Utilisateur sera seul responsable des d\u00e9clarations fausses ou inexactes faites et de tout dommage caus\u00e9 au prestataire ou \u00e0 des tiers.<\/p>\n<p><strong>2.4. Mineurs.<\/strong><\/p>\n<p>Pour utiliser les services, les mineurs doivent toujours obtenir le consentement pr\u00e9alable des parents, tuteurs ou repr\u00e9sentants l\u00e9gaux, qui sont en dernier ressort responsables de tous les actes accomplis par les mineurs dont ils ont la garde. La responsabilit\u00e9 de d\u00e9terminer les contenus sp\u00e9cifiques auxquels acc\u00e8dent les mineurs leur incombe, c&rsquo;est pourquoi s&rsquo;ils acc\u00e8dent \u00e0 des contenus inappropri\u00e9s sur Internet, des m\u00e9canismes devront \u00eatre mis en place sur leurs ordinateurs, notamment des programmes informatiques, des filtres et des blocages, qu&rsquo;ils vous permettent pour limiter le contenu disponible et, bien qu&rsquo;ils ne soient pas infaillibles, ils sont particuli\u00e8rement utiles pour contr\u00f4ler et restreindre les mat\u00e9riels auxquels les mineurs peuvent acc\u00e9der.<\/p>\n<p><strong>2.5. Obligation de faire un usage correct du Web.<\/strong><\/p>\n<p>L&rsquo;Utilisateur s&rsquo;engage \u00e0 utiliser le Site Internet conform\u00e9ment \u00e0 la Loi et aux pr\u00e9sentes Mentions L\u00e9gales, ainsi qu&rsquo;aux bonnes m\u0153urs et bons usages. \u00c0 cette fin, l&rsquo;Utilisateur s&rsquo;abstiendra d&rsquo;utiliser la page \u00e0 des fins ill\u00e9gales ou interdites, pr\u00e9judiciables aux droits et int\u00e9r\u00eats de tiers, ou qui pourraient de quelque mani\u00e8re que ce soit endommager, d\u00e9sactiver, surcharger, d\u00e9t\u00e9riorer ou emp\u00eacher l&rsquo;utilisation normale de l&rsquo;\u00e9quipement informatique ou documents, fichiers et tous types de contenus stock\u00e9s sur tout \u00e9quipement informatique du prestataire.<\/p>\n<p>Notamment et \u00e0 titre indicatif mais non exhaustif, l&rsquo;Utilisateur s&rsquo;engage \u00e0 ne pas transmettre, diffuser ou mettre \u00e0 disposition de tiers des informations, donn\u00e9es, contenus, messages, graphiques, dessins, fichiers sonores ou images, photographies, enregistrements, logiciels et, En g\u00e9n\u00e9ral, tout type de mat\u00e9riel qui\u00a0:<\/p>\n<p>(a)\u00a0\u00a0\u00a0\u00a0\u00a0\u00a0\u00a0 est contraire, ignore ou viole les droits fondamentaux et les libert\u00e9s publiques reconnus constitutionnellement, dans les trait\u00e9s internationaux et autres r\u00e9glementations en vigueur\u00a0;<\/p>\n<p>(b)\u00a0\u00a0\u00a0\u00a0\u00a0\u00a0\u00a0 induit, incite ou promeut des actions criminelles, d\u00e9nigrantes, diffamatoires, violentes ou, en g\u00e9n\u00e9ral, contraires \u00e0 la loi, aux bonnes m\u0153urs et \u00e0 l&rsquo;ordre public\u00a0;<\/p>\n<p>(c)\u00a0\u00a0\u00a0\u00a0\u00a0\u00a0\u00a0 induit, incite ou promeut des actions, attitudes ou pens\u00e9es discriminatoires fond\u00e9es sur le sexe, la race, la religion, les croyances, l&rsquo;\u00e2ge ou la condition\u00a0;<\/p>\n<p>(d)\u00a0\u00a0\u00a0\u00a0\u00a0\u00a0\u00a0 est contraire au droit \u00e0 l&rsquo;honneur, \u00e0 la vie priv\u00e9e ou familiale ou \u00e0 l&rsquo;image d&rsquo;une personne\u00a0;<\/p>\n<p>(e)\u00a0\u00a0\u00a0\u00a0\u00a0\u00a0\u00a0 porte atteinte de quelque mani\u00e8re que ce soit \u00e0 la cr\u00e9dibilit\u00e9 du fournisseur ou de tiers\u00a0; et<\/p>\n<p>(f)\u00a0\u00a0\u00a0\u00a0\u00a0\u00a0\u00a0\u00a0 constitue une publicit\u00e9 ill\u00e9gale, trompeuse ou d\u00e9loyale.<\/p>\n<p>&nbsp;<\/p>\n<p><strong>3.- EXCLUSION DE GARANTIES ET DE RESPONSABILIT\u00c9<\/strong><\/p>\n<p>Le fournisseur est exon\u00e9r\u00e9 de tout type de responsabilit\u00e9 d\u00e9riv\u00e9e des informations publi\u00e9es sur notre site Web, \u00e0 condition que ces informations aient \u00e9t\u00e9 manipul\u00e9es ou introduites par un tiers ind\u00e9pendant.<\/p>\n<p>Ce site Web a \u00e9t\u00e9 r\u00e9vis\u00e9 et test\u00e9 afin de fonctionner correctement. En principe, le bon fonctionnement peut \u00eatre garanti 365 jours par an, 24 heures sur 24. Cependant, le fournisseur n&rsquo;exclut pas la possibilit\u00e9 que certaines erreurs de programmation se produisent, ou que des cas de force majeure, des catastrophes naturelles, des gr\u00e8ves ou des circonstances similaires puissent survenir rendant impossible l&rsquo;acc\u00e8s au site Web.<\/p>\n<p>Dabofall n&rsquo;accorde aucune garantie et n&rsquo;est en aucun cas responsable des dommages de toute nature pouvant d\u00e9couler du manque de disponibilit\u00e9, de maintenance et de fonctionnement efficace du site Web ou de ses services et contenus ; de l&rsquo;existence de virus, de programmes malveillants ou nuisibles dans les contenus\u00a0; d&rsquo;une utilisation illicite, n\u00e9gligente, frauduleuse ou contraire aux pr\u00e9sentes Mentions L\u00e9gales et aux conditions d&rsquo;utilisation ; ou Le manque de l\u00e9galit\u00e9, de qualit\u00e9, de fiabilit\u00e9, d&rsquo;utilit\u00e9 et de disponibilit\u00e9 des services fournis par des tiers et des gestes mis \u00e0 la disposition des utilisateurs sur le site Internet.<\/p>\n<p>Le fournisseur n&rsquo;est en aucun cas responsable des dommages pouvant r\u00e9sulter d&rsquo;une utilisation ill\u00e9gale ou inappropri\u00e9e de ce site Web.<\/p>\n<p>&nbsp;<\/p>\n<p><strong>4.-COOKIES<\/strong><\/p>\n<p>Le site Internet du fournisseur peut utiliser des cookies (petits fichiers d&rsquo;informations que le serveur envoie \u00e0 l&rsquo;ordinateur de la personne acc\u00e9dant \u00e0 la page) pour r\u00e9aliser certaines fonctions consid\u00e9r\u00e9es comme essentielles au bon fonctionnement et \u00e0 l&rsquo;affichage du site. Les cookies utilis\u00e9s sont en tout cas de nature temporaire, dans le seul but de rendre la navigation plus efficace et disparaissent \u00e0 la fin de la session de l&rsquo;utilisateur.<\/p>\n<p>En aucun cas les cookies ne seront utilis\u00e9s pour collecter des informations personnelles.<\/p>\n<p>Pour plus d\u2019informations, consultez notre Politique en mati\u00e8re de cookies.<\/p>\n<p>&nbsp;<\/p>\n<p><strong>5.- LIENS<\/strong><\/p>\n<p>\u00c0 partir du site Web, vous pouvez \u00eatre redirig\u00e9 vers du contenu provenant de sites Web tiers. \u00c9tant donn\u00e9 que nous ne pouvons pas toujours contr\u00f4ler le contenu introduit par des tiers sur le site Web, Dabofall n&rsquo;assume aucune responsabilit\u00e9 concernant ce contenu. Dans tous les cas, le fournisseur d\u00e9clare qu&rsquo;il proc\u00e9dera au retrait imm\u00e9diat de tout contenu susceptible de contrevenir \u00e0 la l\u00e9gislation nationale ou internationale, aux bonnes m\u0153urs ou \u00e0 l&rsquo;ordre public, en proc\u00e9dant au retrait imm\u00e9diat de la redirection vers ces sites Web, en informant les autorit\u00e9s comp\u00e9tentes du contenu en question.<\/p>\n<p>Le fournisseur n&rsquo;est pas responsable des informations et des contenus stock\u00e9s, \u00e0 titre d&rsquo;exemple mais sans s&rsquo;y limiter, dans les forums, chats, g\u00e9n\u00e9rateurs de blogs, commentaires, r\u00e9seaux sociaux ou tout autre moyen permettant \u00e0 des tiers de publier du contenu ind\u00e9pendamment du site Internet du fournisseur. pr\u00eateur. Toutefois, et conform\u00e9ment aux dispositions de l&rsquo;art. 11 et 16 de la LSSICE, le fournisseur se met \u00e0 la disposition de tous les utilisateurs, autorit\u00e9s et forces de s\u00e9curit\u00e9, et collabore activement au retrait ou, le cas \u00e9ch\u00e9ant, au blocage de tout contenu susceptible d&rsquo;affecter ou de contrevenir \u00e0 la l\u00e9gislation nationale ou internationale, de tiers. droits ou moralit\u00e9 et ordre public. Si l&rsquo;utilisateur estime qu&rsquo;il peut y avoir un contenu susceptible d&rsquo;\u00eatre class\u00e9 dans cette cat\u00e9gorie, il est pri\u00e9 d&rsquo;en informer imm\u00e9diatement l&rsquo;administrateur du site Web.<\/p>\n<p>&nbsp;<\/p>\n<p><strong>6.- PROTECTION DES DONN\u00c9ES PERSONNELLES<\/strong><\/p>\n<p>Le fournisseur est profond\u00e9ment engag\u00e9 dans le respect de la r\u00e9glementation sur la protection des donn\u00e9es personnelles et garantit le plein respect des obligations \u00e9tablies, ainsi que la mise en \u0153uvre des mesures de s\u00e9curit\u00e9 pr\u00e9vues dans le r\u00e8glement europ\u00e9en sur la protection des donn\u00e9es et dans la r\u00e9glementation espagnole sur la protection des donn\u00e9es. Pour plus d\u2019informations, consultez notre Politique de confidentialit\u00e9.<\/p>\n<p>&nbsp;<\/p>\n<p><strong>7.- R\u00c9SEAUX SOCIAUX<\/strong><\/p>\n<p>Nous vous informons que Dabofall peut \u00eatre pr\u00e9sent sur les r\u00e9seaux sociaux. Le traitement des donn\u00e9es que les utilisateurs y incluent [devenir abonn\u00e9s du fournisseur sur les r\u00e9seaux sociaux (et\/ou effectuer toute action de lien ou de connexion \u00e0 travers ceux-ci)] sera r\u00e9gi par cette section, ainsi que par les conditions d&rsquo;utilisation, politiques et r\u00e9glementations de confidentialit\u00e9 pour l&rsquo;acc\u00e8s et l&rsquo;utilisation des r\u00e9seaux sociaux en question et pr\u00e9alablement accept\u00e9es par l&rsquo;utilisateur. Dabofall traitera vos donn\u00e9es afin de vous informer des activit\u00e9s, produits ou services du fournisseur \u00e0 travers ces r\u00e9seaux sociaux, ainsi que pour toute autre finalit\u00e9 permise par la r\u00e9glementation des r\u00e9seaux sociaux, mais ne sera pas responsable de leurs politiques de confidentialit\u00e9. . .<\/p>\n<p>La publication de contenus est interdite:<\/p>\n<p>&#8211; Qui sont pr\u00e9tendument ill\u00e9gales au regard des r\u00e9glementations nationales, communautaires ou internationales ou qui m\u00e8nent des activit\u00e9s pr\u00e9tendument ill\u00e9gales ou contreviennent aux principes de bonne foi.<\/p>\n<p>&#8211; Qui violent les droits fondamentaux des personnes, manquent de courtoisie sur le r\u00e9seau, g\u00eanent ou peuvent g\u00e9n\u00e9rer des opinions n\u00e9gatives chez nos utilisateurs ou des tiers et en g\u00e9n\u00e9ral tout contenu que Dabofall consid\u00e8re comme inappropri\u00e9.<\/p>\n<p>&#8211; Et d&rsquo;une mani\u00e8re g\u00e9n\u00e9rale qui contreviennent aux principes de l\u00e9galit\u00e9, d&rsquo;honn\u00eatet\u00e9, de responsabilit\u00e9, de protection de la dignit\u00e9 humaine, de protection des mineurs, de protection de l&rsquo;ordre public, de protection de la vie priv\u00e9e, de protection des consommateurs et des droits de propri\u00e9t\u00e9 intellectuelle et industrielle.<\/p>\n<p>De m\u00eame, Dabofall se r\u00e9serve le droit de supprimer, sans pr\u00e9avis, du site Internet ou du r\u00e9seau social d&rsquo;entreprise, tout contenu jug\u00e9 inappropri\u00e9.<\/p>\n<p>&nbsp;<\/p>\n<p><strong>8.- PROPRI\u00c9T\u00c9 INTELLECTUELLE ET INDUSTRIELLE<\/strong><\/p>\n<p>Le site Internet, y compris mais sans s&rsquo;y limiter, la programmation, l&rsquo;\u00e9dition, la compilation et autres \u00e9l\u00e9ments n\u00e9cessaires \u00e0 son fonctionnement, les dessins, logos, textes, photographies et\/ou graphiques sont la propri\u00e9t\u00e9 du prestataire ou, le cas \u00e9ch\u00e9ant, dispose de la licence expresse ou autorisation des auteurs. Tous les contenus du site Web sont d\u00fbment prot\u00e9g\u00e9s par la r\u00e9glementation en mati\u00e8re de propri\u00e9t\u00e9 intellectuelle et industrielle.<\/p>\n<p>Quelle que soit la finalit\u00e9 pour laquelle ils sont destin\u00e9s, la reproduction totale ou partielle, l&rsquo;utilisation, la distribution et la communication publique n\u00e9cessitent l&rsquo;autorisation \u00e9crite pr\u00e9alable du fournisseur. Toute utilisation non pr\u00e9alablement autoris\u00e9e par le prestataire sera consid\u00e9r\u00e9e comme une violation grave des droits de propri\u00e9t\u00e9 intellectuelle ou industrielle de l&rsquo;auteur.<\/p>\n<p>Les dessins, logos, textes et\/ou graphiques autres que ceux du prestataire et susceptibles de figurer sur le site appartiennent \u00e0 leurs propri\u00e9taires respectifs, qui sont responsables de toute \u00e9ventuelle controverse qui pourrait survenir \u00e0 leur sujet. En tout \u00e9tat de cause, le prestataire dispose de l&rsquo;autorisation expresse et pr\u00e9alable de leur part.<\/p>\n<p>Le fournisseur reconna\u00eet en faveur de ses propri\u00e9taires les droits de propri\u00e9t\u00e9 industrielle et intellectuelle correspondants, n&rsquo;impliquant pas la mention ou l&rsquo;apparition sur le site Web, de l&rsquo;existence de droits ou d&rsquo;une quelconque responsabilit\u00e9 du fournisseur sur ceux-ci, ni l&rsquo;approbation, le parrainage ou la recommandation de sa part. .<\/p>\n<p>Pour faire tout type d&rsquo;observation concernant d&rsquo;\u00e9ventuelles violations des droits de propri\u00e9t\u00e9 intellectuelle ou industrielle, ainsi que sur tout contenu du site Web, vous pouvez le faire via l&rsquo;e-mail indiqu\u00e9 ci-dessus.<\/p>\n<p>&nbsp;<\/p>\n<p><strong>9.- LOI APPLICABLE ET JURIDICTION<\/strong><\/p>\n<p>Pour la r\u00e9solution des controverses ou des probl\u00e8mes li\u00e9s \u00e0 ce site Web ou aux activit\u00e9s qui y sont r\u00e9alis\u00e9es, la l\u00e9gislation espagnole s&rsquo;appliquera, \u00e0 laquelle les parties se soumettent express\u00e9ment, \u00e9tant comp\u00e9tentes pour la r\u00e9solution de tous les conflits d\u00e9riv\u00e9s ou li\u00e9s. Avec son recours aux Cours et Tribunaux d&rsquo;Espagne.[\/vc_column_text][\/vc_column][\/vc_row]<\/p>\n<\/div>","protected":false},"excerpt":{"rendered":"<p>[vc_row css=\u00a0\u00bb.vc_custom_1658381828019{padding-top: 50px !important;}\u00a0\u00bb][vc_column][vc_column_text el_class=\u00a0\u00bbcus-justify\u00a0\u00bb] Avis Juridique &nbsp; Afin de respecter l&rsquo;article 10 de la loi 34\/2002 sur les services de la soci\u00e9t\u00e9 de l&rsquo;information et le commerce \u00e9lectronique, nous informons les utilisateurs de nos donn\u00e9es : Nom de l\u2019entreprise\u00a0:\u00a0Dabofall Si\u00e8ge Social : Grand Dakar N:306, 2- A Dakar S\u00e9n\u00e9gal T\u00e9l\u00e9phone : +34 632 65 [&hellip;]<\/p>\n","protected":false},"author":3,"featured_media":0,"parent":0,"menu_order":0,"comment_status":"closed","ping_status":"closed","template":"template-home-modern.php","meta":{"_acf_changed":false,"_monsterinsights_skip_tracking":false,"_monsterinsights_sitenote_active":false,"_monsterinsights_sitenote_note":"","_monsterinsights_sitenote_category":0,"footnotes":""},"class_list":["post-11691","page","type-page","status-publish","has-post-thumbnail","hentry"],"acf":[],"yoast_head":"<!-- This site is optimized with the Yoast SEO plugin v26.7 - https:\/\/yoast.com\/wordpress\/plugins\/seo\/ -->\n<title>Avis Juridique - DaboFall<\/title>\n<meta name=\"robots\" content=\"noindex, follow\" \/>\n<meta property=\"og:locale\" content=\"fr_FR\" \/>\n<meta property=\"og:type\" content=\"article\" \/>\n<meta property=\"og:title\" content=\"Avis Juridique - DaboFall\" \/>\n<meta property=\"og:description\" content=\"[vc_row css=\u00a0\u00bb.vc_custom_1658381828019{padding-top: 50px !important;}\u00a0\u00bb][vc_column][vc_column_text el_class=\u00a0\u00bbcus-justify\u00a0\u00bb] Avis Juridique &nbsp; Afin de respecter l&rsquo;article 10 de la loi 34\/2002 sur les services de la soci\u00e9t\u00e9 de l&rsquo;information et le commerce \u00e9lectronique, nous informons les utilisateurs de nos donn\u00e9es : Nom de l\u2019entreprise\u00a0:\u00a0Dabofall Si\u00e8ge Social : Grand Dakar N:306, 2- A Dakar S\u00e9n\u00e9gal T\u00e9l\u00e9phone : +34 632 65 [&hellip;]\" \/>\n<meta property=\"og:url\" content=\"https:\/\/dabofall.com\/fr\/avis-juridique-3\/\" \/>\n<meta property=\"og:site_name\" content=\"DaboFall\" \/>\n<meta property=\"article:modified_time\" content=\"2024-06-08T19:21:14+00:00\" \/>\n<meta name=\"twitter:card\" content=\"summary_large_image\" \/>\n<meta name=\"twitter:label1\" content=\"Dur\u00e9e de lecture estim\u00e9e\" \/>\n\t<meta name=\"twitter:data1\" content=\"11 minutes\" \/>\n<script type=\"application\/ld+json\" class=\"yoast-schema-graph\">{\"@context\":\"https:\/\/schema.org\",\"@graph\":[{\"@type\":\"WebPage\",\"@id\":\"https:\/\/dabofall.com\/fr\/avis-juridique-3\/\",\"url\":\"https:\/\/dabofall.com\/fr\/avis-juridique-3\/\",\"name\":\"Avis Juridique - DaboFall\",\"isPartOf\":{\"@id\":\"https:\/\/dabofall.com\/fr\/#website\"},\"datePublished\":\"2024-06-08T19:21:13+00:00\",\"dateModified\":\"2024-06-08T19:21:14+00:00\",\"breadcrumb\":{\"@id\":\"https:\/\/dabofall.com\/fr\/avis-juridique-3\/#breadcrumb\"},\"inLanguage\":\"fr-FR\",\"potentialAction\":[{\"@type\":\"ReadAction\",\"target\":[\"https:\/\/dabofall.com\/fr\/avis-juridique-3\/\"]}]},{\"@type\":\"BreadcrumbList\",\"@id\":\"https:\/\/dabofall.com\/fr\/avis-juridique-3\/#breadcrumb\",\"itemListElement\":[{\"@type\":\"ListItem\",\"position\":1,\"name\":\"Portada\",\"item\":\"https:\/\/dabofall.com\/fr\/\"},{\"@type\":\"ListItem\",\"position\":2,\"name\":\"Avis Juridique\"}]},{\"@type\":\"WebSite\",\"@id\":\"https:\/\/dabofall.com\/fr\/#website\",\"url\":\"https:\/\/dabofall.com\/fr\/\",\"name\":\"DaboFall\",\"description\":\"Agencia de viajes online\",\"potentialAction\":[{\"@type\":\"SearchAction\",\"target\":{\"@type\":\"EntryPoint\",\"urlTemplate\":\"https:\/\/dabofall.com\/fr\/?s={search_term_string}\"},\"query-input\":{\"@type\":\"PropertyValueSpecification\",\"valueRequired\":true,\"valueName\":\"search_term_string\"}}],\"inLanguage\":\"fr-FR\"}]}<\/script>\n<!-- \/ Yoast SEO plugin. -->","yoast_head_json":{"title":"Avis Juridique - DaboFall","robots":{"index":"noindex","follow":"follow"},"og_locale":"fr_FR","og_type":"article","og_title":"Avis Juridique - DaboFall","og_description":"[vc_row css=\u00a0\u00bb.vc_custom_1658381828019{padding-top: 50px !important;}\u00a0\u00bb][vc_column][vc_column_text el_class=\u00a0\u00bbcus-justify\u00a0\u00bb] Avis Juridique &nbsp; Afin de respecter l&rsquo;article 10 de la loi 34\/2002 sur les services de la soci\u00e9t\u00e9 de l&rsquo;information et le commerce \u00e9lectronique, nous informons les utilisateurs de nos donn\u00e9es : Nom de l\u2019entreprise\u00a0:\u00a0Dabofall Si\u00e8ge Social : Grand Dakar N:306, 2- A Dakar S\u00e9n\u00e9gal T\u00e9l\u00e9phone : +34 632 65 [&hellip;]","og_url":"https:\/\/dabofall.com\/fr\/avis-juridique-3\/","og_site_name":"DaboFall","article_modified_time":"2024-06-08T19:21:14+00:00","twitter_card":"summary_large_image","twitter_misc":{"Dur\u00e9e de lecture estim\u00e9e":"11 minutes"},"schema":{"@context":"https:\/\/schema.org","@graph":[{"@type":"WebPage","@id":"https:\/\/dabofall.com\/fr\/avis-juridique-3\/","url":"https:\/\/dabofall.com\/fr\/avis-juridique-3\/","name":"Avis Juridique - DaboFall","isPartOf":{"@id":"https:\/\/dabofall.com\/fr\/#website"},"datePublished":"2024-06-08T19:21:13+00:00","dateModified":"2024-06-08T19:21:14+00:00","breadcrumb":{"@id":"https:\/\/dabofall.com\/fr\/avis-juridique-3\/#breadcrumb"},"inLanguage":"fr-FR","potentialAction":[{"@type":"ReadAction","target":["https:\/\/dabofall.com\/fr\/avis-juridique-3\/"]}]},{"@type":"BreadcrumbList","@id":"https:\/\/dabofall.com\/fr\/avis-juridique-3\/#breadcrumb","itemListElement":[{"@type":"ListItem","position":1,"name":"Portada","item":"https:\/\/dabofall.com\/fr\/"},{"@type":"ListItem","position":2,"name":"Avis Juridique"}]},{"@type":"WebSite","@id":"https:\/\/dabofall.com\/fr\/#website","url":"https:\/\/dabofall.com\/fr\/","name":"DaboFall","description":"Agencia de viajes online","potentialAction":[{"@type":"SearchAction","target":{"@type":"EntryPoint","urlTemplate":"https:\/\/dabofall.com\/fr\/?s={search_term_string}"},"query-input":{"@type":"PropertyValueSpecification","valueRequired":true,"valueName":"search_term_string"}}],"inLanguage":"fr-FR"}]}},"_links":{"self":[{"href":"https:\/\/dabofall.com\/fr\/wp-json\/wp\/v2\/pages\/11691","targetHints":{"allow":["GET"]}}],"collection":[{"href":"https:\/\/dabofall.com\/fr\/wp-json\/wp\/v2\/pages"}],"about":[{"href":"https:\/\/dabofall.com\/fr\/wp-json\/wp\/v2\/types\/page"}],"author":[{"embeddable":true,"href":"https:\/\/dabofall.com\/fr\/wp-json\/wp\/v2\/users\/3"}],"replies":[{"embeddable":true,"href":"https:\/\/dabofall.com\/fr\/wp-json\/wp\/v2\/comments?post=11691"}],"version-history":[{"count":1,"href":"https:\/\/dabofall.com\/fr\/wp-json\/wp\/v2\/pages\/11691\/revisions"}],"predecessor-version":[{"id":11693,"href":"https:\/\/dabofall.com\/fr\/wp-json\/wp\/v2\/pages\/11691\/revisions\/11693"}],"wp:attachment":[{"href":"https:\/\/dabofall.com\/fr\/wp-json\/wp\/v2\/media?parent=11691"}],"curies":[{"name":"wp","href":"https:\/\/api.w.org\/{rel}","templated":true}]}}